{"id":638,"date":"2016-09-03T12:54:04","date_gmt":"2016-09-03T12:54:04","guid":{"rendered":"http:\/\/werkstatt.fuelthemes.net\/?page_id=28"},"modified":"2023-09-21T14:37:26","modified_gmt":"2023-09-21T14:37:26","slug":"home-3","status":"publish","type":"page","link":"https:\/\/www.vivasnet.ch\/stebler\/","title":{"rendered":"Ihre Idee, durch uns umgesetzt"},"content":{"rendered":"<p>[vc_row thb_divider_position=&#8220;bottom&#8220; css=&#8220;.vc_custom_1631649609566{margin-top: 100px !important;margin-bottom: 100px !important;padding-right: 70px !important;padding-left: 70px !important;background-position: center !important;background-repeat: no-repeat !important;background-size: cover !important;}&#8220;][vc_column][vc_column_text]<\/p>\n<h2 style=\"text-align: center;\">Innovativer Betrieb mit 100 j\u00e4hriger Tradition<\/h2>\n<p style=\"text-align: center;\">Die Firma A.Stebler AG ist Ihr kompetenter Partner rund um die Themen Aluminium Sandguss, Formen aller Art, Prototypen und allgemeine mechanische Teile Fertigung.<br \/>\nWir zeichnen uns durch unsere hilfsbereite Beratung, einen hohen Qualit\u00e4tsstandart und absolute Termintreue aus.<\/p>\n<p style=\"text-align: center;\">Unsere motivierten Mitarbeiter arbeiten mit gr\u00f6sster Sorgfalt und k\u00f6nnen auf ein fundiertes Know-How zur\u00fcckgreifen.<\/p>\n<p style=\"text-align: center;\">Damit wir auch in Zukunft auf qualifizierte Mitarbeiter z\u00e4hlen k\u00f6nnen, bilden wir jedes Jahr einen Formenbauer\/-in oder Formenpraktiker\/-in aus.<\/p>\n<p>[\/vc_column_text][\/vc_column][\/vc_row][vc_row content_width=&#8220;grid&#8220; thb_divider_position=&#8220;bottom&#8220; css=&#8220;.vc_custom_1631649858028{margin-top: 50px !important;margin-bottom: 50px !important;}&#8220;][vc_column width=&#8220;1\/3&#8243; el_class=&#8220;homeTeaser&#8220; css=&#8220;.vc_custom_1631647957344{margin: 10px !important;}&#8220;][vc_single_image image=&#8220;1272&#8243; img_size=&#8220;100&#215;100&#8243; alignment=&#8220;center&#8220; style=&#8220;vc_box_rounded&#8220; el_class=&#8220;homeIcon&#8220;][vc_column_text el_class=&#8220;teaserBox&#8220;]<\/p>\n<h3 style=\"text-align: center;\">Formen<\/h3>\n<ul>\n<li>Beratung<\/li>\n<li>Konstruktion<\/li>\n<li>CAD-Daten Erstellung<\/li>\n<li>Giessereimodelle<\/li>\n<li>Laminierformen<\/li>\n<li>Pressformen<\/li>\n<li>Designmodelle<\/li>\n<li>Nahezu alle Materialien<\/li>\n<li>CAM Programme f\u00fcr 3-\/5-Achs Fr\u00e4szentren<\/li>\n<li>Anpassungen\/\u00c4nderungen bestehender Formen<\/li>\n<\/ul>\n<p>[\/vc_column_text]<a href=\"index.php\/modelle-und-formen\/\" target=\"_self\"  class=\"qodef-btn qodef-btn-small qodef-btn-solid\"  >\n    <span class=\"qodef-btn-text\">mehr erfahren<\/span>\n    <\/a>[\/vc_column][vc_column width=&#8220;1\/3&#8243; el_class=&#8220;homeTeaser&#8220; css=&#8220;.vc_custom_1631647968091{margin: 10px !important;}&#8220;][vc_single_image image=&#8220;1274&#8243; img_size=&#8220;100&#215;100&#8243; alignment=&#8220;center&#8220; style=&#8220;vc_box_rounded&#8220; el_class=&#8220;homeIcon&#8220;][vc_column_text el_class=&#8220;teaserBox&#8220;]<\/p>\n<h3 style=\"text-align: center;\">Aluguss<\/h3>\n<ul>\n<li>Beratung<\/li>\n<li>CAD-Daten Erstellung<\/li>\n<li>Herstellung aller f\u00fcr den Giessprozess notwendigen Formen, wie: Modelle, Kernkasten, Losteile, etc.<\/li>\n<li>Verschiedene Legierungen<\/li>\n<li>Verputzen und Sandstrahlen der fertigen Gussteile<\/li>\n<li>Unterschiedliche W\u00e4rmebehandlungen<\/li>\n<li>Gusspr\u00fcfung durch zertifizierte Pr\u00fcfinstitute<\/li>\n<\/ul>\n<p>[\/vc_column_text]<a href=\"index.php\/aluguss\/\" target=\"_self\"  class=\"qodef-btn qodef-btn-small qodef-btn-solid\"  >\n    <span class=\"qodef-btn-text\">mehr erfahren<\/span>\n    <\/a>[\/vc_column][vc_column width=&#8220;1\/3&#8243; el_class=&#8220;homeTeaser&#8220; css=&#8220;.vc_custom_1631647977350{margin: 10px !important;}&#8220;][vc_single_image image=&#8220;1275&#8243; img_size=&#8220;100&#215;100&#8243; alignment=&#8220;center&#8220; style=&#8220;vc_box_rounded&#8220; el_class=&#8220;homeIcon&#8220;][vc_column_text el_class=&#8220;teaserBox&#8220;]<\/p>\n<h3 style=\"text-align: center;\">Prototypen<\/h3>\n<ul>\n<li>Beratung<\/li>\n<li>CAD-Daten Erstellung<\/li>\n<li>CAM Programme f\u00fcr 3-\/5- Achs Fr\u00e4szentren<\/li>\n<li>Prototypenbau<\/li>\n<li>Einzelteile Fertigung<\/li>\n<li>Lehrenbau<\/li>\n<li>Ersatzteil Herstellung \/ \u00c4nderung<\/li>\n<li>Bearbeiten von Kleinserien<\/li>\n<li>Nahezu alle Materialien<\/li>\n<\/ul>\n<p>[\/vc_column_text]<a href=\"index.php\/prototypen\/\" target=\"_self\"  class=\"qodef-btn qodef-btn-small qodef-btn-solid\"  >\n    <span class=\"qodef-btn-text\">mehr erfahren<\/span>\n    <\/a>[\/vc_column][\/vc_row][vc_row content_width=&#8220;grid&#8220; css=&#8220;.vc_custom_1631651108494{margin-top: 70px !important;margin-bottom: 70px !important;padding-top: 130px !important;padding-bottom: 130px !important;background-position: center !important;background-repeat: no-repeat !important;background-size: cover !important;}&#8220;][vc_column width=&#8220;1\/3&#8243;][vc_single_image image=&#8220;1169&#8243; img_size=&#8220;large&#8220;][\/vc_column][vc_column width=&#8220;2\/3&#8243;][vc_column_text css=&#8220;.vc_custom_1631698302856{margin-bottom: 50px !important;}&#8220;]<\/p>\n<h2>Unser Maschinenpark<\/h2>\n<p>Mit unserem modernen Maschinenpark sind wir in der Lage genauste Fr\u00e4sarbeiten innert k\u00fcrzester Zeit zu realisieren. Hierf\u00fcr stehen uns sowohl 3-Achsen als auch 5-Achsen Fr\u00e4szentren der Firma Mikron\/ +GF+ f\u00fcr die simultan Bearbeitung zur Verf\u00fcgung.[\/vc_column_text]<a href=\"index.php\/maschinen-park\/\" target=\"_self\"  class=\"qodef-btn qodef-btn-small qodef-btn-solid\"  >\n    <span class=\"qodef-btn-text\">mehr erfahren<\/span>\n    <\/a>[\/vc_column][\/vc_row][vc_row css=&#8220;.vc_custom_1639082126954{background: #0000005e url(https:\/\/www.vivasnet.ch\/stebler\/wp-content\/uploads\/2021\/06\/20190923_093458.jpg?id=999) !important;background-position: center !important;background-repeat: no-repeat !important;background-size: cover !important;}&#8220; el_class=&#8220;cta&#8220;][vc_column]\t<div class=\"qodef-call-to-action with-icon\" >\n\n\t\t\t\t<div class=\"qodef-container-inner\">\n\t\t\t\t\t<div class=\"qodef-call-to-action-row-75-25 clearfix\" style=\"padding: 40 0 40 0;\">\n\t\t\t\t\t\t<div class=\"qodef-text-wrapper qodef-call-to-action-column1 qodef-call-to-action-cell\">\n\t\t\t\t\t\t\t\t\t<div class=\"qodef-call-to-action-icon-holder\">\n\t\t\t\t\t\t<div class=\"qodef-call-to-action-icon\">\n\t\t\t\t\t\t\t<div class=\"qodef-call-to-action-icon-inner\"><\/div>\n\t\t\t\t\t\t<\/div>\n\t\t\t\t\t<\/div>\n\t\t\t\t\t\t\t\t\t<div class=\"qodef-call-to-action-text\" style=\"font-size: 40px\">Haben wir Ihr Interesse geweckt?<\/div>\n\t\t\t\t<\/div>\n\n\t\t\t\t\t\t\t\t\t<div class=\"qodef-button-wrapper qodef-call-to-action-column2 qodef-call-to-action-cell\" style =\"text-align: right ;\">\n\t\t\t\t\t\t<a href=\"index.php\/kontakt\/\" target=\"_self\"  class=\"qodef-btn qodef-btn-medium qodef-btn-solid\"  >    <span class=\"qodef-btn-text\">Jetzt kontaktieren<\/span>    <i class=\"qodef-icon-font-awesome fa  \" ><\/i><\/a>\t\t\t\t\t<\/div>\n\t\t\t\t\t\t\t<\/div>\n\t\t\t\t<\/div>\n\t\t\t<\/div>\n[\/vc_column][\/vc_row]<\/p>\n","protected":false},"excerpt":{"rendered":"<p>[vc_row thb_divider_position=&#8220;bottom&#8220; css=&#8220;.vc_custom_1631649609566{margin-top: 100px !important;margin-bottom: 100px !important;padding-right: 70px !important;padding-left: 70px !important;background-position: center !important;background-repeat: no-repeat !important;background-size: cover !important;}&#8220;][vc_column][vc_column_text] Innovativer Betrieb mit 100 j\u00e4hriger Tradition Die Firma A.Stebler AG ist Ihr kompetenter Partner rund um die Themen Aluminium Sandguss, Formen aller Art, Prototypen und allgemeine mechanische Teile&#8230;<\/p>\n","protected":false},"author":1,"featured_media":1079,"parent":0,"menu_order":0,"comment_status":"closed","ping_status":"closed","template":"full-width.php","meta":[],"yoast_head":"<!-- This site is optimized with the Yoast SEO plugin v17.9 - https:\/\/yoast.com\/wordpress\/plugins\/seo\/ -->\n<title>Ihre Idee, durch uns umgesetzt - Stebler AG<\/title>\n<meta name=\"description\" content=\"Die Firma Stebler AG ist Ihr kompetenter Partner rund um die Themen Aluminium Sandguss, Formen aller Art, Prototypen und allgemeine mechanische Teile Fertigung.\" \/>\n<meta name=\"robots\" content=\"noindex, follow, max-snippet:-1, max-image-preview:large, max-video-preview:-1\" \/>\n<meta property=\"og:locale\" content=\"de_DE\" \/>\n<meta property=\"og:type\" content=\"article\" \/>\n<meta property=\"og:title\" content=\"Ihre Idee, durch uns umgesetzt - Stebler AG\" \/>\n<meta property=\"og:description\" content=\"Die Firma Stebler AG ist Ihr kompetenter Partner rund um die Themen Aluminium Sandguss, Formen aller Art, Prototypen und allgemeine mechanische Teile Fertigung.\" \/>\n<meta property=\"og:url\" content=\"https:\/\/www.vivasnet.ch\/stebler\/\" \/>\n<meta property=\"og:site_name\" content=\"Stebler AG\" \/>\n<meta property=\"article:modified_time\" content=\"2023-09-21T14:37:26+00:00\" \/>\n<meta property=\"og:image\" content=\"https:\/\/www.vivasnet.ch\/stebler\/wp-content\/uploads\/2021\/06\/firma_skizze-scaled.jpg\" \/>\n\t<meta property=\"og:image:width\" content=\"2560\" \/>\n\t<meta property=\"og:image:height\" content=\"1440\" \/>\n\t<meta property=\"og:image:type\" content=\"image\/jpeg\" \/>\n<meta name=\"twitter:card\" content=\"summary_large_image\" \/>\n<meta name=\"twitter:label1\" content=\"Est. reading time\" \/>\n\t<meta name=\"twitter:data1\" content=\"3 Minuten\" \/>\n<script type=\"application\/ld+json\" class=\"yoast-schema-graph\">{\"@context\":\"https:\/\/schema.org\",\"@graph\":[{\"@type\":\"WebSite\",\"@id\":\"https:\/\/www.vivasnet.ch\/stebler\/#website\",\"url\":\"https:\/\/www.vivasnet.ch\/stebler\/\",\"name\":\"Stebler AG\",\"description\":\"Ihre Idee, durch uns umgesetzt\",\"potentialAction\":[{\"@type\":\"SearchAction\",\"target\":{\"@type\":\"EntryPoint\",\"urlTemplate\":\"https:\/\/www.vivasnet.ch\/stebler\/?s={search_term_string}\"},\"query-input\":\"required name=search_term_string\"}],\"inLanguage\":\"de-CH\"},{\"@type\":\"ImageObject\",\"@id\":\"https:\/\/www.vivasnet.ch\/stebler\/#primaryimage\",\"inLanguage\":\"de-CH\",\"url\":\"https:\/\/www.vivasnet.ch\/stebler\/wp-content\/uploads\/2021\/06\/firma_skizze-scaled.jpg\",\"contentUrl\":\"https:\/\/www.vivasnet.ch\/stebler\/wp-content\/uploads\/2021\/06\/firma_skizze-scaled.jpg\",\"width\":2560,\"height\":1440},{\"@type\":\"WebPage\",\"@id\":\"https:\/\/www.vivasnet.ch\/stebler\/#webpage\",\"url\":\"https:\/\/www.vivasnet.ch\/stebler\/\",\"name\":\"Ihre Idee, durch uns umgesetzt - Stebler AG\",\"isPartOf\":{\"@id\":\"https:\/\/www.vivasnet.ch\/stebler\/#website\"},\"primaryImageOfPage\":{\"@id\":\"https:\/\/www.vivasnet.ch\/stebler\/#primaryimage\"},\"datePublished\":\"2016-09-03T12:54:04+00:00\",\"dateModified\":\"2023-09-21T14:37:26+00:00\",\"description\":\"Die Firma Stebler AG ist Ihr kompetenter Partner rund um die Themen Aluminium Sandguss, Formen aller Art, Prototypen und allgemeine mechanische Teile Fertigung.\",\"breadcrumb\":{\"@id\":\"https:\/\/www.vivasnet.ch\/stebler\/#breadcrumb\"},\"inLanguage\":\"de-CH\",\"potentialAction\":[{\"@type\":\"ReadAction\",\"target\":[\"https:\/\/www.vivasnet.ch\/stebler\/\"]}]},{\"@type\":\"BreadcrumbList\",\"@id\":\"https:\/\/www.vivasnet.ch\/stebler\/#breadcrumb\",\"itemListElement\":[{\"@type\":\"ListItem\",\"position\":1,\"name\":\"Home\",\"item\":\"https:\/\/www.vivasnet.ch\/stebler\/\"},{\"@type\":\"ListItem\",\"position\":2,\"name\":\"Ihre Idee, durch uns umgesetzt\"}]}]}<\/script>\n<!-- \/ Yoast SEO plugin. -->","yoast_head_json":{"title":"Ihre Idee, durch uns umgesetzt - Stebler AG","description":"Die Firma Stebler AG ist Ihr kompetenter Partner rund um die Themen Aluminium Sandguss, Formen aller Art, Prototypen und allgemeine mechanische Teile Fertigung.","robots":{"index":"noindex","follow":"follow","max-snippet":"max-snippet:-1","max-image-preview":"max-image-preview:large","max-video-preview":"max-video-preview:-1"},"og_locale":"de_DE","og_type":"article","og_title":"Ihre Idee, durch uns umgesetzt - Stebler AG","og_description":"Die Firma Stebler AG ist Ihr kompetenter Partner rund um die Themen Aluminium Sandguss, Formen aller Art, Prototypen und allgemeine mechanische Teile Fertigung.","og_url":"https:\/\/www.vivasnet.ch\/stebler\/","og_site_name":"Stebler AG","article_modified_time":"2023-09-21T14:37:26+00:00","og_image":[{"width":2560,"height":1440,"url":"https:\/\/www.vivasnet.ch\/stebler\/wp-content\/uploads\/2021\/06\/firma_skizze-scaled.jpg","type":"image\/jpeg"}],"twitter_card":"summary_large_image","twitter_misc":{"Est. reading time":"3 Minuten"},"schema":{"@context":"https:\/\/schema.org","@graph":[{"@type":"WebSite","@id":"https:\/\/www.vivasnet.ch\/stebler\/#website","url":"https:\/\/www.vivasnet.ch\/stebler\/","name":"Stebler AG","description":"Ihre Idee, durch uns umgesetzt","potentialAction":[{"@type":"SearchAction","target":{"@type":"EntryPoint","urlTemplate":"https:\/\/www.vivasnet.ch\/stebler\/?s={search_term_string}"},"query-input":"required name=search_term_string"}],"inLanguage":"de-CH"},{"@type":"ImageObject","@id":"https:\/\/www.vivasnet.ch\/stebler\/#primaryimage","inLanguage":"de-CH","url":"https:\/\/www.vivasnet.ch\/stebler\/wp-content\/uploads\/2021\/06\/firma_skizze-scaled.jpg","contentUrl":"https:\/\/www.vivasnet.ch\/stebler\/wp-content\/uploads\/2021\/06\/firma_skizze-scaled.jpg","width":2560,"height":1440},{"@type":"WebPage","@id":"https:\/\/www.vivasnet.ch\/stebler\/#webpage","url":"https:\/\/www.vivasnet.ch\/stebler\/","name":"Ihre Idee, durch uns umgesetzt - Stebler AG","isPartOf":{"@id":"https:\/\/www.vivasnet.ch\/stebler\/#website"},"primaryImageOfPage":{"@id":"https:\/\/www.vivasnet.ch\/stebler\/#primaryimage"},"datePublished":"2016-09-03T12:54:04+00:00","dateModified":"2023-09-21T14:37:26+00:00","description":"Die Firma Stebler AG ist Ihr kompetenter Partner rund um die Themen Aluminium Sandguss, Formen aller Art, Prototypen und allgemeine mechanische Teile Fertigung.","breadcrumb":{"@id":"https:\/\/www.vivasnet.ch\/stebler\/#breadcrumb"},"inLanguage":"de-CH","potentialAction":[{"@type":"ReadAction","target":["https:\/\/www.vivasnet.ch\/stebler\/"]}]},{"@type":"BreadcrumbList","@id":"https:\/\/www.vivasnet.ch\/stebler\/#breadcrumb","itemListElement":[{"@type":"ListItem","position":1,"name":"Home","item":"https:\/\/www.vivasnet.ch\/stebler\/"},{"@type":"ListItem","position":2,"name":"Ihre Idee, durch uns umgesetzt"}]}]}},"_links":{"self":[{"href":"https:\/\/www.vivasnet.ch\/stebler\/index.php\/wp-json\/wp\/v2\/pages\/638"}],"collection":[{"href":"https:\/\/www.vivasnet.ch\/stebler\/index.php\/wp-json\/wp\/v2\/pages"}],"about":[{"href":"https:\/\/www.vivasnet.ch\/stebler\/index.php\/wp-json\/wp\/v2\/types\/page"}],"author":[{"embeddable":true,"href":"https:\/\/www.vivasnet.ch\/stebler\/index.php\/wp-json\/wp\/v2\/users\/1"}],"replies":[{"embeddable":true,"href":"https:\/\/www.vivasnet.ch\/stebler\/index.php\/wp-json\/wp\/v2\/comments?post=638"}],"version-history":[{"count":210,"href":"https:\/\/www.vivasnet.ch\/stebler\/index.php\/wp-json\/wp\/v2\/pages\/638\/revisions"}],"predecessor-version":[{"id":1725,"href":"https:\/\/www.vivasnet.ch\/stebler\/index.php\/wp-json\/wp\/v2\/pages\/638\/revisions\/1725"}],"wp:featuredmedia":[{"embeddable":true,"href":"https:\/\/www.vivasnet.ch\/stebler\/index.php\/wp-json\/wp\/v2\/media\/1079"}],"wp:attachment":[{"href":"https:\/\/www.vivasnet.ch\/stebler\/index.php\/wp-json\/wp\/v2\/media?parent=638"}],"curies":[{"name":"wp","href":"https:\/\/api.w.org\/{rel}","templated":true}]}}