{"id":1682,"date":"2022-01-13T21:07:32","date_gmt":"2022-01-13T21:07:32","guid":{"rendered":"https:\/\/www.vivasnet.ch\/stebler\/?page_id=1682"},"modified":"2022-01-13T21:44:10","modified_gmt":"2022-01-13T21:44:10","slug":"kunststoff-giessen","status":"publish","type":"page","link":"https:\/\/www.vivasnet.ch\/stebler\/index.php\/kunststoff-giessen\/","title":{"rendered":"Kunststoff giessen lassen vom Profi"},"content":{"rendered":"<p>[vc_row content_width=&#8220;grid&#8220; css=&#8220;.vc_custom_1642107258814{margin-top: 50px !important;margin-bottom: 50px !important;}&#8220;][vc_column][vc_column_text]<\/p>\n<h2>Kunststoff giessen: ganz nach Ihren W\u00fcnschen<\/h2>\n<p>Sie sind auf der Suche nach einem Partner, der f\u00fcr Sie Kunststoff giessen kann? Dann sind Sie bei der A. Stebler AG richtig. Das Schweizer Traditionsunternehmen ist Ihr Partner f\u00fcr Formenbau und Modellbau mit Kunststoff sowie anderen Werkstoffen.<\/p>\n<h3>Kunststoff giessen in aller Form und Vielfalt<\/h3>\n<p>Strikt nach Ihren Anforderungskriterien ermittelt die A. Stebler AG aus Egnach die beste Verfahrensweise, um f\u00fcr Sie die erforderlichen Formteile im Formenbau sowie Modellbau aus Kunststoff zu giessen. Die hervorragend ausgebildeten Mitarbeiter greifen daf\u00fcr auf 2D- und 3D-Formdaten auf modernen CAD-Systemen zur\u00fcck. Aufbauend auf diesen Daten oder auch nur einer simplen Zeichnung Ihrer Bauteile oder Gussteile wird geplant, wie sich der Kunststoff giessen l\u00e4sst. Doch Sie k\u00f6nnen mithilfe der A. Stebler AG nicht nur Kunststoff giessen lassen, sondern ebenso andere Materialien. Als Vergussmasse bringt der Traditionsbetrieb temperaturbest\u00e4ndige sowie fl\u00fcssige Kunststoffe oder Halbfabrikate in die von Ihnen geforderte Form. In der Giesserei stellt das Unternehmen zudem Sandformen f\u00fcr den Aluminiumguss in nahezu allen Gr\u00f6ssen f\u00fcr den Modellbau und Formenbau her. Ein St\u00fcckgewicht von bis zu 300 Kilogramm ist m\u00f6glich.[\/vc_column_text][\/vc_column][\/vc_row][vc_row css=&#8220;.vc_custom_1642107275075{margin-bottom: 50px !important;background-image: url(https:\/\/www.vivasnet.ch\/stebler\/wp-content\/uploads\/2021\/06\/20190923_093458.jpg?id=999) !important;background-position: center !important;background-repeat: no-repeat !important;background-size: cover !important;}&#8220; el_class=&#8220;cta&#8220;][vc_column]\t<div class=\"qodef-call-to-action with-icon\" >\n\n\t\t\t\t<div class=\"qodef-container-inner\">\n\t\t\t\t\t<div class=\"qodef-call-to-action-row-75-25 clearfix\" style=\"padding: 40 0 40 0;\">\n\t\t\t\t\t\t<div class=\"qodef-text-wrapper qodef-call-to-action-column1 qodef-call-to-action-cell\">\n\t\t\t\t\t\t\t\t\t<div class=\"qodef-call-to-action-icon-holder\">\n\t\t\t\t\t\t<div class=\"qodef-call-to-action-icon\">\n\t\t\t\t\t\t\t<div class=\"qodef-call-to-action-icon-inner\"><\/div>\n\t\t\t\t\t\t<\/div>\n\t\t\t\t\t<\/div>\n\t\t\t\t\t\t\t\t\t<div class=\"qodef-call-to-action-text\" style=\"font-size: 40px\">Haben wir Ihr Interesse geweckt?<\/div>\n\t\t\t\t<\/div>\n\n\t\t\t\t\t\t\t\t\t<div class=\"qodef-button-wrapper qodef-call-to-action-column2 qodef-call-to-action-cell\" style =\"text-align: right ;\">\n\t\t\t\t\t\t<a href=\"index.php\/kontakt\/\" target=\"_self\"  class=\"qodef-btn qodef-btn-medium qodef-btn-solid\"  >    <span class=\"qodef-btn-text\">Jetzt kontaktieren<\/span>    <i class=\"qodef-icon-font-awesome fa  \" ><\/i><\/a>\t\t\t\t\t<\/div>\n\t\t\t\t\t\t\t<\/div>\n\t\t\t\t<\/div>\n\t\t\t<\/div>\n[\/vc_column][\/vc_row][vc_row content_width=&#8220;grid&#8220; css=&#8220;.vc_custom_1636665506516{margin-bottom: 100px !important;}&#8220;][vc_column][vc_column_text]<\/p>\n<div class=\"content-inner-text\">\n<div class=\"content-inner-text\">\n<h3>F\u00fcr aufwendigere Formen Kunststoff giessen<\/h3>\n<p>Geometrische aufwendige Konstruktionen mit Hohlr\u00e4umen stellen f\u00fcr die A. Stebler AG ebenfalls kein Problem dar. Das Team hat den Giessprozess zu jeder Zeit unter Kontrolle. Auf diese Weise kann es sich genau an Ihre W\u00fcnsche und Anforderungen halten. Ob feste Kunststoffe oder auch Aluminium oder Werkzeugstahl: Sollte es erforderlich sein, setzt der Traditionsbetrieb ebenso Handarbeit ein. Die Mitarbeiter sind so versiert und hervorragend geschult, dass sie pr\u00e4zise Arbeiten zuverl\u00e4ssig durchf\u00fchren k\u00f6nnen. Den Anschluss an die Zukunft hat der Modellbau und die Giesserei nicht verpasst, was insbesondere an den 5-Achs-Simultanfr\u00e4scentern deutlich wird.<\/p>\n<h3>Kunststoff giessen und Formenbau: Vertrauen Sie auf einen Experten<\/h3>\n<p>Die A. Stebler AG garantiert Ihnen h\u00f6chste Qualit\u00e4tsmassst\u00e4be, wenn sie f\u00fcr Sie Kunststoff giessen oder eine andere Fertigungsleistung durchf\u00fchren darf. Im Betrieb finden Masskontrollen und Materialpr\u00fcfungen nach strikten Kriterien statt. F\u00fcr sie steht im Bereich des Formenbaus und Modellbaus eine 3D-Mess- und Anreissanlage zur Verf\u00fcgung. Beachtenswert ist ferner, dass der Betrieb auch auf ein extern ausger\u00fcstetes Labor f\u00fcr mechanische und chemische Analyseverfahren zur\u00fcckgreifen kann. Selbst sehr aufwendige Konstruktionen erfolgen damit nach h\u00f6chsten Standards. Sie k\u00f6nnen sich auf den Fertigungsbetrieb verlassen, ganz gleich, ob Sie Kunststoff giessen lassen m\u00f6chten oder eine der anderen Leistungen anfordern. Gern ber\u00e4t Sie das kompetente Team umfangreich und erarbeitet f\u00fcr Sie die besten L\u00f6sungen.<\/p>\n<\/div>\n<div class=\"left\">\n<div class=\"left-inner\">\n<h3>Kunststoff giessen lassen: Kontaktieren Sie den Traditionsbetrieb<\/h3>\n<p>Z\u00f6gern Sie nicht und nehmen Sie Kontakt zur A. Stebler AG auf, wenn es darum geht, Kunststoff giessen zu lassen. Der Schweizer Traditionsbetrieb f\u00fchrt diese Aufgabe und viele T\u00e4tigkeiten sehr verl\u00e4sslich und mit hoher Pr\u00e4zision durch. Ihre Zufriedenheit steht bei dem erfahrenen Team im Zentrum des Interesses. Geschickt verbindet es ein hohes Fachwissen mit einem grossen Engagement. Moderne Fertigungs- und Giessanlagen dienen als technische Basis f\u00fcr ein Ergebnis, das Sie \u00fcberzeugen wird. Es geht darum, Kunststoff giessen zu lassen? Melden Sie bei der A. Stebler AG.<\/p>\n<\/div>\n<\/div>\n<\/div>\n<p>[\/vc_column_text][\/vc_column][\/vc_row]<\/p>\n","protected":false},"excerpt":{"rendered":"<p>[vc_row content_width=&#8220;grid&#8220; css=&#8220;.vc_custom_1642107258814{margin-top: 50px !important;margin-bottom: 50px !important;}&#8220;][vc_column][vc_column_text] Kunststoff giessen: ganz nach Ihren W\u00fcnschen Sie sind auf der Suche nach einem Partner, der f\u00fcr Sie Kunststoff giessen kann? Dann sind Sie bei der A. Stebler AG richtig. Das Schweizer Traditionsunternehmen ist Ihr Partner f\u00fcr Formenbau und&#8230;<\/p>\n","protected":false},"author":2,"featured_media":0,"parent":0,"menu_order":0,"comment_status":"closed","ping_status":"closed","template":"full-width.php","meta":[],"yoast_head":"<!-- This site is optimized with the Yoast SEO plugin v17.9 - https:\/\/yoast.com\/wordpress\/plugins\/seo\/ -->\n<title>Kunststoff giessen lassen vom Profi - Stebler AG<\/title>\n<meta name=\"description\" content=\"Sie sind auf der Suche nach einem Partner, der f\u00fcr Sie Kunststoff giessen kann? Dann sind Sie bei der A. Stebler AG richtig.\" \/>\n<meta name=\"robots\" content=\"noindex, follow, max-snippet:-1, max-image-preview:large, max-video-preview:-1\" \/>\n<meta property=\"og:locale\" content=\"de_DE\" \/>\n<meta property=\"og:type\" content=\"article\" \/>\n<meta property=\"og:title\" content=\"Kunststoff giessen lassen vom Profi - Stebler AG\" \/>\n<meta property=\"og:description\" content=\"Sie sind auf der Suche nach einem Partner, der f\u00fcr Sie Kunststoff giessen kann? Dann sind Sie bei der A. Stebler AG richtig.\" \/>\n<meta property=\"og:url\" content=\"https:\/\/www.vivasnet.ch\/stebler\/index.php\/kunststoff-giessen\/\" \/>\n<meta property=\"og:site_name\" content=\"Stebler AG\" \/>\n<meta property=\"article:modified_time\" content=\"2022-01-13T21:44:10+00:00\" \/>\n<meta name=\"twitter:card\" content=\"summary_large_image\" \/>\n<meta name=\"twitter:label1\" content=\"Est. reading time\" \/>\n\t<meta name=\"twitter:data1\" content=\"3 Minuten\" \/>\n<script type=\"application\/ld+json\" class=\"yoast-schema-graph\">{\"@context\":\"https:\/\/schema.org\",\"@graph\":[{\"@type\":\"WebSite\",\"@id\":\"https:\/\/www.vivasnet.ch\/stebler\/#website\",\"url\":\"https:\/\/www.vivasnet.ch\/stebler\/\",\"name\":\"Stebler AG\",\"description\":\"Ihre Idee, durch uns umgesetzt\",\"potentialAction\":[{\"@type\":\"SearchAction\",\"target\":{\"@type\":\"EntryPoint\",\"urlTemplate\":\"https:\/\/www.vivasnet.ch\/stebler\/?s={search_term_string}\"},\"query-input\":\"required name=search_term_string\"}],\"inLanguage\":\"de-CH\"},{\"@type\":\"WebPage\",\"@id\":\"https:\/\/www.vivasnet.ch\/stebler\/index.php\/kunststoff-giessen\/#webpage\",\"url\":\"https:\/\/www.vivasnet.ch\/stebler\/index.php\/kunststoff-giessen\/\",\"name\":\"Kunststoff giessen lassen vom Profi - Stebler AG\",\"isPartOf\":{\"@id\":\"https:\/\/www.vivasnet.ch\/stebler\/#website\"},\"datePublished\":\"2022-01-13T21:07:32+00:00\",\"dateModified\":\"2022-01-13T21:44:10+00:00\",\"description\":\"Sie sind auf der Suche nach einem Partner, der f\\u00fcr Sie Kunststoff giessen kann? Dann sind Sie bei der A. Stebler AG richtig.\",\"breadcrumb\":{\"@id\":\"https:\/\/www.vivasnet.ch\/stebler\/index.php\/kunststoff-giessen\/#breadcrumb\"},\"inLanguage\":\"de-CH\",\"potentialAction\":[{\"@type\":\"ReadAction\",\"target\":[\"https:\/\/www.vivasnet.ch\/stebler\/index.php\/kunststoff-giessen\/\"]}]},{\"@type\":\"BreadcrumbList\",\"@id\":\"https:\/\/www.vivasnet.ch\/stebler\/index.php\/kunststoff-giessen\/#breadcrumb\",\"itemListElement\":[{\"@type\":\"ListItem\",\"position\":1,\"name\":\"Home\",\"item\":\"https:\/\/www.vivasnet.ch\/stebler\/\"},{\"@type\":\"ListItem\",\"position\":2,\"name\":\"Kunststoff giessen lassen vom Profi\"}]}]}<\/script>\n<!-- \/ Yoast SEO plugin. -->","yoast_head_json":{"title":"Kunststoff giessen lassen vom Profi - Stebler AG","description":"Sie sind auf der Suche nach einem Partner, der f\u00fcr Sie Kunststoff giessen kann? Dann sind Sie bei der A. Stebler AG richtig.","robots":{"index":"noindex","follow":"follow","max-snippet":"max-snippet:-1","max-image-preview":"max-image-preview:large","max-video-preview":"max-video-preview:-1"},"og_locale":"de_DE","og_type":"article","og_title":"Kunststoff giessen lassen vom Profi - Stebler AG","og_description":"Sie sind auf der Suche nach einem Partner, der f\u00fcr Sie Kunststoff giessen kann? Dann sind Sie bei der A. Stebler AG richtig.","og_url":"https:\/\/www.vivasnet.ch\/stebler\/index.php\/kunststoff-giessen\/","og_site_name":"Stebler AG","article_modified_time":"2022-01-13T21:44:10+00:00","twitter_card":"summary_large_image","twitter_misc":{"Est. reading time":"3 Minuten"},"schema":{"@context":"https:\/\/schema.org","@graph":[{"@type":"WebSite","@id":"https:\/\/www.vivasnet.ch\/stebler\/#website","url":"https:\/\/www.vivasnet.ch\/stebler\/","name":"Stebler AG","description":"Ihre Idee, durch uns umgesetzt","potentialAction":[{"@type":"SearchAction","target":{"@type":"EntryPoint","urlTemplate":"https:\/\/www.vivasnet.ch\/stebler\/?s={search_term_string}"},"query-input":"required name=search_term_string"}],"inLanguage":"de-CH"},{"@type":"WebPage","@id":"https:\/\/www.vivasnet.ch\/stebler\/index.php\/kunststoff-giessen\/#webpage","url":"https:\/\/www.vivasnet.ch\/stebler\/index.php\/kunststoff-giessen\/","name":"Kunststoff giessen lassen vom Profi - Stebler AG","isPartOf":{"@id":"https:\/\/www.vivasnet.ch\/stebler\/#website"},"datePublished":"2022-01-13T21:07:32+00:00","dateModified":"2022-01-13T21:44:10+00:00","description":"Sie sind auf der Suche nach einem Partner, der f\u00fcr Sie Kunststoff giessen kann? Dann sind Sie bei der A. Stebler AG richtig.","breadcrumb":{"@id":"https:\/\/www.vivasnet.ch\/stebler\/index.php\/kunststoff-giessen\/#breadcrumb"},"inLanguage":"de-CH","potentialAction":[{"@type":"ReadAction","target":["https:\/\/www.vivasnet.ch\/stebler\/index.php\/kunststoff-giessen\/"]}]},{"@type":"BreadcrumbList","@id":"https:\/\/www.vivasnet.ch\/stebler\/index.php\/kunststoff-giessen\/#breadcrumb","itemListElement":[{"@type":"ListItem","position":1,"name":"Home","item":"https:\/\/www.vivasnet.ch\/stebler\/"},{"@type":"ListItem","position":2,"name":"Kunststoff giessen lassen vom Profi"}]}]}},"_links":{"self":[{"href":"https:\/\/www.vivasnet.ch\/stebler\/index.php\/wp-json\/wp\/v2\/pages\/1682"}],"collection":[{"href":"https:\/\/www.vivasnet.ch\/stebler\/index.php\/wp-json\/wp\/v2\/pages"}],"about":[{"href":"https:\/\/www.vivasnet.ch\/stebler\/index.php\/wp-json\/wp\/v2\/types\/page"}],"author":[{"embeddable":true,"href":"https:\/\/www.vivasnet.ch\/stebler\/index.php\/wp-json\/wp\/v2\/users\/2"}],"replies":[{"embeddable":true,"href":"https:\/\/www.vivasnet.ch\/stebler\/index.php\/wp-json\/wp\/v2\/comments?post=1682"}],"version-history":[{"count":1,"href":"https:\/\/www.vivasnet.ch\/stebler\/index.php\/wp-json\/wp\/v2\/pages\/1682\/revisions"}],"predecessor-version":[{"id":1683,"href":"https:\/\/www.vivasnet.ch\/stebler\/index.php\/wp-json\/wp\/v2\/pages\/1682\/revisions\/1683"}],"wp:attachment":[{"href":"https:\/\/www.vivasnet.ch\/stebler\/index.php\/wp-json\/wp\/v2\/media?parent=1682"}],"curies":[{"name":"wp","href":"https:\/\/api.w.org\/{rel}","templated":true}]}}