{"id":1676,"date":"2022-01-13T21:03:31","date_gmt":"2022-01-13T21:03:31","guid":{"rendered":"https:\/\/www.vivasnet.ch\/stebler\/?page_id=1676"},"modified":"2022-01-13T21:42:49","modified_gmt":"2022-01-13T21:42:49","slug":"formenbau-modellbau","status":"publish","type":"page","link":"https:\/\/www.vivasnet.ch\/stebler\/index.php\/formenbau-modellbau\/","title":{"rendered":"Ihr kompetenter Partner f\u00fcr Formenbau und Modellbau"},"content":{"rendered":"<p>[vc_row content_width=&#8220;grid&#8220; css=&#8220;.vc_custom_1642107258814{margin-top: 50px !important;margin-bottom: 50px !important;}&#8220;][vc_column][vc_column_text]<\/p>\n<h2>Ihr kompetenter Partner f\u00fcr Formenbau und Modellbau<\/h2>\n<p>Die A. Stebler AG in Egnach steht f\u00fcr die kundenspezifische Anfertigung im Formenbau und Modellbau. Mit modernsten Fertigungsverfahren erstellen wir individuelle Formen und Modelle f\u00fcr Ihre Serien- oder Einzelanfertigung.<\/p>\n<h3>Vielfalt in Form und Material f\u00fcr Formenbau und Modellbau<\/h3>\n<p>Unter Ber\u00fccksichtigung Ihrer Anforderungskriterien ermitteln wir jeweils die beste Verfahrensweise zur Herstellung der gew\u00fcnschten Formteile im Formenbau wie Modellbau. Hierbei greifen unsere Spezialisten \u00fcber 2D- oder 3D-Formdaten auf moderne CAD-Systeme zur\u00fcck. Mit diesen CAD-Daten oder einer einfachen Zeichnung Ihres Guss- oder Bauteils wird die gew\u00fcnschte Modelleinrichtung nach den vorgegebenen Kriterien erstellt. Beim Formenbau und Modellbau bedienen wir uns einer grossen Materialpalette. Als Vergussmasse bringen wir fl\u00fcssige und temperaturbest\u00e4ndige Kunststoffe oder Halbfabrikate wie Bl\u00f6cke und Platten in die gew\u00fcnschte Form. In unserer Giesserei stellen wir Sandformen f\u00fcr den Aluminiumguss in fast allen Gr\u00f6ssen f\u00fcr den Formenbau und Modellbau her und produzieren bis zu einem St\u00fcckgewicht von 300 Kilogramm. Auch geometrisch aufwendige Konstruktionen mit Hohlr\u00e4umen sind Dank unserer Kernschiessmaschinen kein Problem. In modernen Schmelz\u00f6fen und Formanlagen haben wir den Giessprozess jederzeit unter Kontrolle. Die meisten g\u00e4ngigen Aluminium-Sandgusslegierungen k\u00f6nnen wir so problemlos f\u00fcr den Formenbau und Modellbau verarbeiten. Feste Kunststoffe, Aluminium oder Werkzeugstahl fertigen wir nach Bedarf in traditioneller Handarbeit oder in unseren modernen 5-Achs-Simultananlagen.[\/vc_column_text][\/vc_column][\/vc_row][vc_row css=&#8220;.vc_custom_1642107275075{margin-bottom: 50px !important;background-image: url(https:\/\/www.vivasnet.ch\/stebler\/wp-content\/uploads\/2021\/06\/20190923_093458.jpg?id=999) !important;background-position: center !important;background-repeat: no-repeat !important;background-size: cover !important;}&#8220; el_class=&#8220;cta&#8220;][vc_column]\t<div class=\"qodef-call-to-action with-icon\" >\n\n\t\t\t\t<div class=\"qodef-container-inner\">\n\t\t\t\t\t<div class=\"qodef-call-to-action-row-75-25 clearfix\" style=\"padding: 40 0 40 0;\">\n\t\t\t\t\t\t<div class=\"qodef-text-wrapper qodef-call-to-action-column1 qodef-call-to-action-cell\">\n\t\t\t\t\t\t\t\t\t<div class=\"qodef-call-to-action-icon-holder\">\n\t\t\t\t\t\t<div class=\"qodef-call-to-action-icon\">\n\t\t\t\t\t\t\t<div class=\"qodef-call-to-action-icon-inner\"><\/div>\n\t\t\t\t\t\t<\/div>\n\t\t\t\t\t<\/div>\n\t\t\t\t\t\t\t\t\t<div class=\"qodef-call-to-action-text\" style=\"font-size: 40px\">Haben wir Ihr Interesse geweckt?<\/div>\n\t\t\t\t<\/div>\n\n\t\t\t\t\t\t\t\t\t<div class=\"qodef-button-wrapper qodef-call-to-action-column2 qodef-call-to-action-cell\" style =\"text-align: right ;\">\n\t\t\t\t\t\t<a href=\"index.php\/kontakt\/\" target=\"_self\"  class=\"qodef-btn qodef-btn-medium qodef-btn-solid\"  >    <span class=\"qodef-btn-text\">Jetzt kontaktieren<\/span>    <i class=\"qodef-icon-font-awesome fa  \" ><\/i><\/a>\t\t\t\t\t<\/div>\n\t\t\t\t\t\t\t<\/div>\n\t\t\t\t<\/div>\n\t\t\t<\/div>\n[\/vc_column][\/vc_row][vc_row content_width=&#8220;grid&#8220; css=&#8220;.vc_custom_1636665506516{margin-bottom: 100px !important;}&#8220;][vc_column][vc_column_text]<\/p>\n<div class=\"content-inner-text\">\n<h3>Formenbau und Modellbau ist Vertrauenssache &#8211; sprechen Sie mit uns<\/h3>\n<p>F\u00fcr die anschliessende Masskontrolle und Materialpr\u00fcfung steht uns im Formenbau und Modellbau eine spezielle 3-D Mess- und Anreissanlage sowie ein extern ausger\u00fcstetes Labor f\u00fcr chemische und mechanische Analysen zur Verf\u00fcgung. Somit garantieren wir auch bei komplexen Konstruktionen h\u00f6chste Qualit\u00e4tsmassst\u00e4be. Formenbau, Modellbau sowie Aluminiumgusstechnik sind Schwerpunkte unseres Dienstleistungsangebots. Vertrauen Sie auf unsere langj\u00e4hrigen Erfahrungen als Garant bei der Anfertigung von individuellen Formwerkzeugen und Modellen. Unsere Spezialisten bieten Ihnen umfangreiche Hilfeleistungen f\u00fcr die L\u00f6sungen diverser Aufgabenstellungen. Unser Leistungspaket sowie unsere Referenzen werden Sie \u00fcberzeugen. Sprechen Sie mit uns als zuk\u00fcnftigen Partner f\u00fcr den Formenbau oder Modellbau.<\/p>\n<\/div>\n<p>[\/vc_column_text][\/vc_column][\/vc_row]<\/p>\n","protected":false},"excerpt":{"rendered":"<p>[vc_row content_width=&#8220;grid&#8220; css=&#8220;.vc_custom_1642107258814{margin-top: 50px !important;margin-bottom: 50px !important;}&#8220;][vc_column][vc_column_text] Ihr kompetenter Partner f\u00fcr Formenbau und Modellbau Die A. Stebler AG in Egnach steht f\u00fcr die kundenspezifische Anfertigung im Formenbau und Modellbau. Mit modernsten Fertigungsverfahren erstellen wir individuelle Formen und Modelle f\u00fcr Ihre Serien- oder Einzelanfertigung. Vielfalt in&#8230;<\/p>\n","protected":false},"author":2,"featured_media":0,"parent":0,"menu_order":0,"comment_status":"closed","ping_status":"closed","template":"full-width.php","meta":[],"yoast_head":"<!-- This site is optimized with the Yoast SEO plugin v17.9 - https:\/\/yoast.com\/wordpress\/plugins\/seo\/ -->\n<title>Ihr kompetenter Partner f\u00fcr Formenbau und Modellbau - Stebler AG<\/title>\n<meta name=\"description\" content=\"Die A. Stebler AG in Egnach steht f\u00fcr die kundenspezifische Anfertigung im Formenbau und Modellbau\" \/>\n<meta name=\"robots\" content=\"noindex, follow, max-snippet:-1, max-image-preview:large, max-video-preview:-1\" \/>\n<meta property=\"og:locale\" content=\"de_DE\" \/>\n<meta property=\"og:type\" content=\"article\" \/>\n<meta property=\"og:title\" content=\"Ihr kompetenter Partner f\u00fcr Formenbau und Modellbau - Stebler AG\" \/>\n<meta property=\"og:description\" content=\"Die A. Stebler AG in Egnach steht f\u00fcr die kundenspezifische Anfertigung im Formenbau und Modellbau\" \/>\n<meta property=\"og:url\" content=\"https:\/\/www.vivasnet.ch\/stebler\/index.php\/formenbau-modellbau\/\" \/>\n<meta property=\"og:site_name\" content=\"Stebler AG\" \/>\n<meta property=\"article:modified_time\" content=\"2022-01-13T21:42:49+00:00\" \/>\n<meta name=\"twitter:card\" content=\"summary_large_image\" \/>\n<meta name=\"twitter:label1\" content=\"Est. reading time\" \/>\n\t<meta name=\"twitter:data1\" content=\"2 Minuten\" \/>\n<script type=\"application\/ld+json\" class=\"yoast-schema-graph\">{\"@context\":\"https:\/\/schema.org\",\"@graph\":[{\"@type\":\"WebSite\",\"@id\":\"https:\/\/www.vivasnet.ch\/stebler\/#website\",\"url\":\"https:\/\/www.vivasnet.ch\/stebler\/\",\"name\":\"Stebler AG\",\"description\":\"Ihre Idee, durch uns umgesetzt\",\"potentialAction\":[{\"@type\":\"SearchAction\",\"target\":{\"@type\":\"EntryPoint\",\"urlTemplate\":\"https:\/\/www.vivasnet.ch\/stebler\/?s={search_term_string}\"},\"query-input\":\"required name=search_term_string\"}],\"inLanguage\":\"de-CH\"},{\"@type\":\"WebPage\",\"@id\":\"https:\/\/www.vivasnet.ch\/stebler\/index.php\/formenbau-modellbau\/#webpage\",\"url\":\"https:\/\/www.vivasnet.ch\/stebler\/index.php\/formenbau-modellbau\/\",\"name\":\"Ihr kompetenter Partner f\\u00fcr Formenbau und Modellbau - Stebler AG\",\"isPartOf\":{\"@id\":\"https:\/\/www.vivasnet.ch\/stebler\/#website\"},\"datePublished\":\"2022-01-13T21:03:31+00:00\",\"dateModified\":\"2022-01-13T21:42:49+00:00\",\"description\":\"Die A. Stebler AG in Egnach steht f\\u00fcr die kundenspezifische Anfertigung im Formenbau und Modellbau\",\"breadcrumb\":{\"@id\":\"https:\/\/www.vivasnet.ch\/stebler\/index.php\/formenbau-modellbau\/#breadcrumb\"},\"inLanguage\":\"de-CH\",\"potentialAction\":[{\"@type\":\"ReadAction\",\"target\":[\"https:\/\/www.vivasnet.ch\/stebler\/index.php\/formenbau-modellbau\/\"]}]},{\"@type\":\"BreadcrumbList\",\"@id\":\"https:\/\/www.vivasnet.ch\/stebler\/index.php\/formenbau-modellbau\/#breadcrumb\",\"itemListElement\":[{\"@type\":\"ListItem\",\"position\":1,\"name\":\"Home\",\"item\":\"https:\/\/www.vivasnet.ch\/stebler\/\"},{\"@type\":\"ListItem\",\"position\":2,\"name\":\"Ihr kompetenter Partner f\\u00fcr Formenbau und Modellbau\"}]}]}<\/script>\n<!-- \/ Yoast SEO plugin. -->","yoast_head_json":{"title":"Ihr kompetenter Partner f\u00fcr Formenbau und Modellbau - Stebler AG","description":"Die A. Stebler AG in Egnach steht f\u00fcr die kundenspezifische Anfertigung im Formenbau und Modellbau","robots":{"index":"noindex","follow":"follow","max-snippet":"max-snippet:-1","max-image-preview":"max-image-preview:large","max-video-preview":"max-video-preview:-1"},"og_locale":"de_DE","og_type":"article","og_title":"Ihr kompetenter Partner f\u00fcr Formenbau und Modellbau - Stebler AG","og_description":"Die A. Stebler AG in Egnach steht f\u00fcr die kundenspezifische Anfertigung im Formenbau und Modellbau","og_url":"https:\/\/www.vivasnet.ch\/stebler\/index.php\/formenbau-modellbau\/","og_site_name":"Stebler AG","article_modified_time":"2022-01-13T21:42:49+00:00","twitter_card":"summary_large_image","twitter_misc":{"Est. reading time":"2 Minuten"},"schema":{"@context":"https:\/\/schema.org","@graph":[{"@type":"WebSite","@id":"https:\/\/www.vivasnet.ch\/stebler\/#website","url":"https:\/\/www.vivasnet.ch\/stebler\/","name":"Stebler AG","description":"Ihre Idee, durch uns umgesetzt","potentialAction":[{"@type":"SearchAction","target":{"@type":"EntryPoint","urlTemplate":"https:\/\/www.vivasnet.ch\/stebler\/?s={search_term_string}"},"query-input":"required name=search_term_string"}],"inLanguage":"de-CH"},{"@type":"WebPage","@id":"https:\/\/www.vivasnet.ch\/stebler\/index.php\/formenbau-modellbau\/#webpage","url":"https:\/\/www.vivasnet.ch\/stebler\/index.php\/formenbau-modellbau\/","name":"Ihr kompetenter Partner f\u00fcr Formenbau und Modellbau - Stebler AG","isPartOf":{"@id":"https:\/\/www.vivasnet.ch\/stebler\/#website"},"datePublished":"2022-01-13T21:03:31+00:00","dateModified":"2022-01-13T21:42:49+00:00","description":"Die A. Stebler AG in Egnach steht f\u00fcr die kundenspezifische Anfertigung im Formenbau und Modellbau","breadcrumb":{"@id":"https:\/\/www.vivasnet.ch\/stebler\/index.php\/formenbau-modellbau\/#breadcrumb"},"inLanguage":"de-CH","potentialAction":[{"@type":"ReadAction","target":["https:\/\/www.vivasnet.ch\/stebler\/index.php\/formenbau-modellbau\/"]}]},{"@type":"BreadcrumbList","@id":"https:\/\/www.vivasnet.ch\/stebler\/index.php\/formenbau-modellbau\/#breadcrumb","itemListElement":[{"@type":"ListItem","position":1,"name":"Home","item":"https:\/\/www.vivasnet.ch\/stebler\/"},{"@type":"ListItem","position":2,"name":"Ihr kompetenter Partner f\u00fcr Formenbau und Modellbau"}]}]}},"_links":{"self":[{"href":"https:\/\/www.vivasnet.ch\/stebler\/index.php\/wp-json\/wp\/v2\/pages\/1676"}],"collection":[{"href":"https:\/\/www.vivasnet.ch\/stebler\/index.php\/wp-json\/wp\/v2\/pages"}],"about":[{"href":"https:\/\/www.vivasnet.ch\/stebler\/index.php\/wp-json\/wp\/v2\/types\/page"}],"author":[{"embeddable":true,"href":"https:\/\/www.vivasnet.ch\/stebler\/index.php\/wp-json\/wp\/v2\/users\/2"}],"replies":[{"embeddable":true,"href":"https:\/\/www.vivasnet.ch\/stebler\/index.php\/wp-json\/wp\/v2\/comments?post=1676"}],"version-history":[{"count":1,"href":"https:\/\/www.vivasnet.ch\/stebler\/index.php\/wp-json\/wp\/v2\/pages\/1676\/revisions"}],"predecessor-version":[{"id":1677,"href":"https:\/\/www.vivasnet.ch\/stebler\/index.php\/wp-json\/wp\/v2\/pages\/1676\/revisions\/1677"}],"wp:attachment":[{"href":"https:\/\/www.vivasnet.ch\/stebler\/index.php\/wp-json\/wp\/v2\/media?parent=1676"}],"curies":[{"name":"wp","href":"https:\/\/api.w.org\/{rel}","templated":true}]}}