{"id":1673,"date":"2022-01-13T21:00:56","date_gmt":"2022-01-13T21:00:56","guid":{"rendered":"https:\/\/www.vivasnet.ch\/stebler\/?page_id=1673"},"modified":"2022-01-13T21:42:26","modified_gmt":"2022-01-13T21:42:26","slug":"aluminium-giesserei","status":"publish","type":"page","link":"https:\/\/www.vivasnet.ch\/stebler\/index.php\/aluminium-giesserei\/","title":{"rendered":"Die Aluminium Giesserei Stebler blickt auf lange Erfahrung zur\u00fcck"},"content":{"rendered":"<p>[vc_row content_width=&#8220;grid&#8220; css=&#8220;.vc_custom_1642107258814{margin-top: 50px !important;margin-bottom: 50px !important;}&#8220;][vc_column][vc_column_text]<\/p>\n<h2>Alu Giesserei, Modellbau und Formenbau A. Stebler AG &#8211; Hochwertige Pr\u00e4zisionsprodukte<\/h2>\n<p>Die Aluminium Giesserei Stebler mit ihrem Stammsitz in Egnach kann auf eine 40-j\u00e4hrige Geschichte zur\u00fcckblicken. Ihre Kernkompetenzen liegen in den Bereichen Modellbau, Formenbau und Aluminium Giesserei.<\/p>\n<h3>Aluminium Giesserei mit Vergangenheit und Zukunft<\/h3>\n<p>Durch die langj\u00e4hrige Erfahrung kann die Aluminium Giesserei Stebler auch entspannt in die Zukunft blicken. Die speziellen Kompetenzen des Unternehmens in den Bereichen Aluminium Giesserei, Modellbau und Formenbau sind bei den Kunden mit ihren sehr unterschiedlichen Anspr\u00fcchen an die verwendeten Materialien und ben\u00f6tigten Formen in h\u00f6chstem Mass anerkannt. Das Unternehmen produziert unter Verwendung von modernster CAD-Technik Modelle und Formen aus unterschiedlichsten Materialien. Vom traditionellen Modellbau bis hin zur 5-Achs-Simultanbearbeitung bietet die Aluminium Giesserei Stebler die unterschiedlichsten Produktionsverfahren im Bereich Formenbau an. Unterschiedliche Kunststoffe, Aluminium oder auch Stahl werden in Handarbeit oder mit speziellen Prozessen f\u00fcr die Kunden in unterschiedlichste Formen gebracht.[\/vc_column_text][\/vc_column][\/vc_row][vc_row css=&#8220;.vc_custom_1642107275075{margin-bottom: 50px !important;background-image: url(https:\/\/www.vivasnet.ch\/stebler\/wp-content\/uploads\/2021\/06\/20190923_093458.jpg?id=999) !important;background-position: center !important;background-repeat: no-repeat !important;background-size: cover !important;}&#8220; el_class=&#8220;cta&#8220;][vc_column]\t<div class=\"qodef-call-to-action with-icon\" >\n\n\t\t\t\t<div class=\"qodef-container-inner\">\n\t\t\t\t\t<div class=\"qodef-call-to-action-row-75-25 clearfix\" style=\"padding: 40 0 40 0;\">\n\t\t\t\t\t\t<div class=\"qodef-text-wrapper qodef-call-to-action-column1 qodef-call-to-action-cell\">\n\t\t\t\t\t\t\t\t\t<div class=\"qodef-call-to-action-icon-holder\">\n\t\t\t\t\t\t<div class=\"qodef-call-to-action-icon\">\n\t\t\t\t\t\t\t<div class=\"qodef-call-to-action-icon-inner\"><\/div>\n\t\t\t\t\t\t<\/div>\n\t\t\t\t\t<\/div>\n\t\t\t\t\t\t\t\t\t<div class=\"qodef-call-to-action-text\" style=\"font-size: 40px\">Haben wir Ihr Interesse geweckt?<\/div>\n\t\t\t\t<\/div>\n\n\t\t\t\t\t\t\t\t\t<div class=\"qodef-button-wrapper qodef-call-to-action-column2 qodef-call-to-action-cell\" style =\"text-align: right ;\">\n\t\t\t\t\t\t<a href=\"index.php\/kontakt\/\" target=\"_self\"  class=\"qodef-btn qodef-btn-medium qodef-btn-solid\"  >    <span class=\"qodef-btn-text\">Jetzt kontaktieren<\/span>    <i class=\"qodef-icon-font-awesome fa  \" ><\/i><\/a>\t\t\t\t\t<\/div>\n\t\t\t\t\t\t\t<\/div>\n\t\t\t\t<\/div>\n\t\t\t<\/div>\n[\/vc_column][\/vc_row][vc_row content_width=&#8220;grid&#8220; css=&#8220;.vc_custom_1636665506516{margin-bottom: 100px !important;}&#8220;][vc_column][vc_column_text]<\/p>\n<h3>Aluminium Giesserei und ihre unterschiedlichen Varianten<\/h3>\n<p>Werden im Bereich Modell- und Formenbau die unterschiedlichsten Formen wie beispielsweise Laminierformen, Tiefziehwerkzeuge oder Presswerkzeuge hergestellt, produziert die Aluminium Giesserei des Unternehmens die Rohprodukte oder auch die veredelten Endprodukte. In der Aluminium Giesserei werden Sandformen in Abmessungen, die sich zwischen 400 x 400 mm bis 1600 x 1600 mm bewegen, im Aluminiumsandguss-Verfahren produziert. Ben\u00f6tigte Kernteile werden in zwei modern arbeitenden Kerngiessmaschinen hergestellt. In der Aluminium Giesserei sind grosse Kernteile genauso unproblematisch wie komplizierte Formen. Bei der Produktion von Einzelteilen und mittleren Serien kommen unterschiedliche Legierungen zum Einsatz. Die Gewichte der unterschiedlichen Gussteile k\u00f6nnen von ungef\u00e4hr 10 Gramm bis zu 300 Kilogramm betragen. Bevor die fertigen Produkte an den Kunden ausgeliefert werden, wird eine aufw\u00e4ndige Qualit\u00e4tssicherung durchgef\u00fchrt. Alle Modelle und Gussteile werden genauestens kontrolliert, ob sie den Kundenspezifikationen zu 100 Prozent entsprechen. Die Masskontrolle wird bei der Aluminium Giesserei Stebler mit einer speziellen 3D-Mess- und Anreissanlage durchgef\u00fchrt.<br \/>\n[\/vc_column_text][\/vc_column][\/vc_row]<\/p>\n","protected":false},"excerpt":{"rendered":"<p>[vc_row content_width=&#8220;grid&#8220; css=&#8220;.vc_custom_1642107258814{margin-top: 50px !important;margin-bottom: 50px !important;}&#8220;][vc_column][vc_column_text] Alu Giesserei, Modellbau und Formenbau A. Stebler AG &#8211; Hochwertige Pr\u00e4zisionsprodukte Die Aluminium Giesserei Stebler mit ihrem Stammsitz in Egnach kann auf eine 40-j\u00e4hrige Geschichte zur\u00fcckblicken. Ihre Kernkompetenzen liegen in den Bereichen Modellbau, Formenbau und Aluminium Giesserei. Aluminium&#8230;<\/p>\n","protected":false},"author":2,"featured_media":0,"parent":0,"menu_order":0,"comment_status":"closed","ping_status":"closed","template":"full-width.php","meta":[],"yoast_head":"<!-- This site is optimized with the Yoast SEO plugin v17.9 - https:\/\/yoast.com\/wordpress\/plugins\/seo\/ -->\n<title>Die Aluminium Giesserei Stebler blickt auf lange Erfahrung zur\u00fcck - Stebler AG<\/title>\n<meta name=\"description\" content=\"Die Aluminium Giesserei Stebler mit ihrem Stammsitz in Egnach kann auf eine 40-j\u00e4hrige Geschichte zur\u00fcckblicken\" \/>\n<meta name=\"robots\" content=\"noindex, follow, max-snippet:-1, max-image-preview:large, max-video-preview:-1\" \/>\n<meta property=\"og:locale\" content=\"de_DE\" \/>\n<meta property=\"og:type\" content=\"article\" \/>\n<meta property=\"og:title\" content=\"Die Aluminium Giesserei Stebler blickt auf lange Erfahrung zur\u00fcck - Stebler AG\" \/>\n<meta property=\"og:description\" content=\"Die Aluminium Giesserei Stebler mit ihrem Stammsitz in Egnach kann auf eine 40-j\u00e4hrige Geschichte zur\u00fcckblicken\" \/>\n<meta property=\"og:url\" content=\"https:\/\/www.vivasnet.ch\/stebler\/index.php\/aluminium-giesserei\/\" \/>\n<meta property=\"og:site_name\" content=\"Stebler AG\" \/>\n<meta property=\"article:modified_time\" content=\"2022-01-13T21:42:26+00:00\" \/>\n<meta name=\"twitter:card\" content=\"summary_large_image\" \/>\n<meta name=\"twitter:label1\" content=\"Est. reading time\" \/>\n\t<meta name=\"twitter:data1\" content=\"2 Minuten\" \/>\n<script type=\"application\/ld+json\" class=\"yoast-schema-graph\">{\"@context\":\"https:\/\/schema.org\",\"@graph\":[{\"@type\":\"WebSite\",\"@id\":\"https:\/\/www.vivasnet.ch\/stebler\/#website\",\"url\":\"https:\/\/www.vivasnet.ch\/stebler\/\",\"name\":\"Stebler AG\",\"description\":\"Ihre Idee, durch uns umgesetzt\",\"potentialAction\":[{\"@type\":\"SearchAction\",\"target\":{\"@type\":\"EntryPoint\",\"urlTemplate\":\"https:\/\/www.vivasnet.ch\/stebler\/?s={search_term_string}\"},\"query-input\":\"required name=search_term_string\"}],\"inLanguage\":\"de-CH\"},{\"@type\":\"WebPage\",\"@id\":\"https:\/\/www.vivasnet.ch\/stebler\/index.php\/aluminium-giesserei\/#webpage\",\"url\":\"https:\/\/www.vivasnet.ch\/stebler\/index.php\/aluminium-giesserei\/\",\"name\":\"Die Aluminium Giesserei Stebler blickt auf lange Erfahrung zur\\u00fcck - Stebler AG\",\"isPartOf\":{\"@id\":\"https:\/\/www.vivasnet.ch\/stebler\/#website\"},\"datePublished\":\"2022-01-13T21:00:56+00:00\",\"dateModified\":\"2022-01-13T21:42:26+00:00\",\"description\":\"Die Aluminium Giesserei Stebler mit ihrem Stammsitz in Egnach kann auf eine 40-j\\u00e4hrige Geschichte zur\\u00fcckblicken\",\"breadcrumb\":{\"@id\":\"https:\/\/www.vivasnet.ch\/stebler\/index.php\/aluminium-giesserei\/#breadcrumb\"},\"inLanguage\":\"de-CH\",\"potentialAction\":[{\"@type\":\"ReadAction\",\"target\":[\"https:\/\/www.vivasnet.ch\/stebler\/index.php\/aluminium-giesserei\/\"]}]},{\"@type\":\"BreadcrumbList\",\"@id\":\"https:\/\/www.vivasnet.ch\/stebler\/index.php\/aluminium-giesserei\/#breadcrumb\",\"itemListElement\":[{\"@type\":\"ListItem\",\"position\":1,\"name\":\"Home\",\"item\":\"https:\/\/www.vivasnet.ch\/stebler\/\"},{\"@type\":\"ListItem\",\"position\":2,\"name\":\"Die Aluminium Giesserei Stebler blickt auf lange Erfahrung zur\\u00fcck\"}]}]}<\/script>\n<!-- \/ Yoast SEO plugin. -->","yoast_head_json":{"title":"Die Aluminium Giesserei Stebler blickt auf lange Erfahrung zur\u00fcck - Stebler AG","description":"Die Aluminium Giesserei Stebler mit ihrem Stammsitz in Egnach kann auf eine 40-j\u00e4hrige Geschichte zur\u00fcckblicken","robots":{"index":"noindex","follow":"follow","max-snippet":"max-snippet:-1","max-image-preview":"max-image-preview:large","max-video-preview":"max-video-preview:-1"},"og_locale":"de_DE","og_type":"article","og_title":"Die Aluminium Giesserei Stebler blickt auf lange Erfahrung zur\u00fcck - Stebler AG","og_description":"Die Aluminium Giesserei Stebler mit ihrem Stammsitz in Egnach kann auf eine 40-j\u00e4hrige Geschichte zur\u00fcckblicken","og_url":"https:\/\/www.vivasnet.ch\/stebler\/index.php\/aluminium-giesserei\/","og_site_name":"Stebler AG","article_modified_time":"2022-01-13T21:42:26+00:00","twitter_card":"summary_large_image","twitter_misc":{"Est. reading time":"2 Minuten"},"schema":{"@context":"https:\/\/schema.org","@graph":[{"@type":"WebSite","@id":"https:\/\/www.vivasnet.ch\/stebler\/#website","url":"https:\/\/www.vivasnet.ch\/stebler\/","name":"Stebler AG","description":"Ihre Idee, durch uns umgesetzt","potentialAction":[{"@type":"SearchAction","target":{"@type":"EntryPoint","urlTemplate":"https:\/\/www.vivasnet.ch\/stebler\/?s={search_term_string}"},"query-input":"required name=search_term_string"}],"inLanguage":"de-CH"},{"@type":"WebPage","@id":"https:\/\/www.vivasnet.ch\/stebler\/index.php\/aluminium-giesserei\/#webpage","url":"https:\/\/www.vivasnet.ch\/stebler\/index.php\/aluminium-giesserei\/","name":"Die Aluminium Giesserei Stebler blickt auf lange Erfahrung zur\u00fcck - Stebler AG","isPartOf":{"@id":"https:\/\/www.vivasnet.ch\/stebler\/#website"},"datePublished":"2022-01-13T21:00:56+00:00","dateModified":"2022-01-13T21:42:26+00:00","description":"Die Aluminium Giesserei Stebler mit ihrem Stammsitz in Egnach kann auf eine 40-j\u00e4hrige Geschichte zur\u00fcckblicken","breadcrumb":{"@id":"https:\/\/www.vivasnet.ch\/stebler\/index.php\/aluminium-giesserei\/#breadcrumb"},"inLanguage":"de-CH","potentialAction":[{"@type":"ReadAction","target":["https:\/\/www.vivasnet.ch\/stebler\/index.php\/aluminium-giesserei\/"]}]},{"@type":"BreadcrumbList","@id":"https:\/\/www.vivasnet.ch\/stebler\/index.php\/aluminium-giesserei\/#breadcrumb","itemListElement":[{"@type":"ListItem","position":1,"name":"Home","item":"https:\/\/www.vivasnet.ch\/stebler\/"},{"@type":"ListItem","position":2,"name":"Die Aluminium Giesserei Stebler blickt auf lange Erfahrung zur\u00fcck"}]}]}},"_links":{"self":[{"href":"https:\/\/www.vivasnet.ch\/stebler\/index.php\/wp-json\/wp\/v2\/pages\/1673"}],"collection":[{"href":"https:\/\/www.vivasnet.ch\/stebler\/index.php\/wp-json\/wp\/v2\/pages"}],"about":[{"href":"https:\/\/www.vivasnet.ch\/stebler\/index.php\/wp-json\/wp\/v2\/types\/page"}],"author":[{"embeddable":true,"href":"https:\/\/www.vivasnet.ch\/stebler\/index.php\/wp-json\/wp\/v2\/users\/2"}],"replies":[{"embeddable":true,"href":"https:\/\/www.vivasnet.ch\/stebler\/index.php\/wp-json\/wp\/v2\/comments?post=1673"}],"version-history":[{"count":1,"href":"https:\/\/www.vivasnet.ch\/stebler\/index.php\/wp-json\/wp\/v2\/pages\/1673\/revisions"}],"predecessor-version":[{"id":1674,"href":"https:\/\/www.vivasnet.ch\/stebler\/index.php\/wp-json\/wp\/v2\/pages\/1673\/revisions\/1674"}],"wp:attachment":[{"href":"https:\/\/www.vivasnet.ch\/stebler\/index.php\/wp-json\/wp\/v2\/media?parent=1673"}],"curies":[{"name":"wp","href":"https:\/\/api.w.org\/{rel}","templated":true}]}}