{"id":1671,"date":"2022-01-13T20:58:16","date_gmt":"2022-01-13T20:58:16","guid":{"rendered":"https:\/\/www.vivasnet.ch\/stebler\/?page_id=1671"},"modified":"2022-01-13T21:41:24","modified_gmt":"2022-01-13T21:41:24","slug":"alu-giesserei","status":"publish","type":"page","link":"https:\/\/www.vivasnet.ch\/stebler\/index.php\/alu-giesserei\/","title":{"rendered":"Alu Giesserei, Modellbau und Formenbau A. Stebler AG &#8211; Hochwertige Pr\u00e4zisionsprodukte"},"content":{"rendered":"<p>[vc_row content_width=&#8220;grid&#8220; css=&#8220;.vc_custom_1642107258814{margin-top: 50px !important;margin-bottom: 50px !important;}&#8220;][vc_column][vc_column_text]<\/p>\n<div class=\"content-inner-text\">\n<h2>Alu Giesserei, Modellbau und Formenbau A. Stebler AG &#8211; Hochwertige Pr\u00e4zisionsprodukte<\/h2>\n<p>Die Firma A. Stebler AG im schweizerischen Egnach ist Ihr erfahrener Partner in den Bereichen Aluminiumsandguss, Formen- und Modellbau. Pr\u00e4zision und hochwertige Qualit\u00e4t sind ehrgeizige Massst\u00e4be der Alu Giesserei Stebler. W\u00e4hrend fr\u00fcher Grauguss und Stahlguss sehr gefragt waren, geht heute der Trend eher zum vielseitigen Alu Guss Verfahren. Unsere Alu Giesserei hat sich mit modernen, variablen Herstellungsverfahren, hochpr\u00e4ziser Produktionstechnik und exklusiver CAD\/CAM &#8211; Planung in die fortschrittliche Zukunft orientiert.<\/p>\n<h3>Alu Giesserei &#8211; genau und vielseitig<\/h3>\n<p>Die Alu Giesserei Stebler AG verarbeitet problemlos die meisten g\u00e4ngigen Aluminium-Sandguss-Legierungen, wie zum Beispiel mit den Legierungselementen Kupfer, Magnesium oder Silizium. Komplexeste Konstruktionen fertigt unsere Alu Giesserei mit h\u00f6chster Pr\u00e4zision und nach den Anforderungskriterien der Kunden. Formenbau, Modellbau, Aluminiumsandguss, technisch anspruchsvolle Guss-Qualit\u00e4t, alles sind f\u00fcr uns Begriffe, die mit Detailst\u00e4rke, Massgenauigkeit und bester Oberfl\u00e4chenqualit\u00e4t verbunden sind. Die Alu Giesserei Stebler AG verarbeitet f\u00fcr ihre Kunden Aluminium, Kunststoff und Werkzeugstahl.<\/p>\n<\/div>\n<p>[\/vc_column_text][\/vc_column][\/vc_row][vc_row css=&#8220;.vc_custom_1642107275075{margin-bottom: 50px !important;background-image: url(https:\/\/www.vivasnet.ch\/stebler\/wp-content\/uploads\/2021\/06\/20190923_093458.jpg?id=999) !important;background-position: center !important;background-repeat: no-repeat !important;background-size: cover !important;}&#8220; el_class=&#8220;cta&#8220;][vc_column]\t<div class=\"qodef-call-to-action with-icon\" >\n\n\t\t\t\t<div class=\"qodef-container-inner\">\n\t\t\t\t\t<div class=\"qodef-call-to-action-row-75-25 clearfix\" style=\"padding: 40 0 40 0;\">\n\t\t\t\t\t\t<div class=\"qodef-text-wrapper qodef-call-to-action-column1 qodef-call-to-action-cell\">\n\t\t\t\t\t\t\t\t\t<div class=\"qodef-call-to-action-icon-holder\">\n\t\t\t\t\t\t<div class=\"qodef-call-to-action-icon\">\n\t\t\t\t\t\t\t<div class=\"qodef-call-to-action-icon-inner\"><\/div>\n\t\t\t\t\t\t<\/div>\n\t\t\t\t\t<\/div>\n\t\t\t\t\t\t\t\t\t<div class=\"qodef-call-to-action-text\" style=\"font-size: 40px\">Haben wir Ihr Interesse geweckt?<\/div>\n\t\t\t\t<\/div>\n\n\t\t\t\t\t\t\t\t\t<div class=\"qodef-button-wrapper qodef-call-to-action-column2 qodef-call-to-action-cell\" style =\"text-align: right ;\">\n\t\t\t\t\t\t<a href=\"index.php\/kontakt\/\" target=\"_self\"  class=\"qodef-btn qodef-btn-medium qodef-btn-solid\"  >    <span class=\"qodef-btn-text\">Jetzt kontaktieren<\/span>    <i class=\"qodef-icon-font-awesome fa  \" ><\/i><\/a>\t\t\t\t\t<\/div>\n\t\t\t\t\t\t\t<\/div>\n\t\t\t\t<\/div>\n\t\t\t<\/div>\n[\/vc_column][\/vc_row][vc_row content_width=&#8220;grid&#8220; css=&#8220;.vc_custom_1636665506516{margin-bottom: 100px !important;}&#8220;][vc_column][vc_column_text]<\/p>\n<div class=\"content-inner-text\">\n<h3>Alu Giesserei &#8211; moderne Maschinen<\/h3>\n<p>In der Kernmacherei arbeiten wir mit zwei Kernschiess-Maschinen. Die Alu Giesserei Stebler AG stellt Sandformen in fast allen Gr\u00f6ssen her. St\u00fcckgewichte von 10 Gramm bis 300 Kilogramm sind ebenso m\u00f6glich, wie Kastenformate von 40&#215;40 bis 120&#215;160 Zentimetern. Wir arbeiten mit zwei Wendeform-Maschinen und einer Abhebeform-Maschine. Am Handformplatz entstehen viele ganz besonders spezielle Produkte. Computergest\u00fctzte Designfertigung und Formgebung garantieren, dass wir mit dem Kunden gemeinsam das Beste kreieren k\u00f6nnen. Moderne Schmelz\u00f6fen und Formanlagen, eine komplette Putzerei-Ausstattung, eine Sandstrahlanlage, Trenn- und Schleifmaschine sorgen f\u00fcr problemlose Giessprozesse. Mit einer eigenen hoch-modernen 3 D-Mess-und Anreissanlage oder teilweise externer Qualit\u00e4tspr\u00fcfung sorgen wir f\u00fcr zuverl\u00e4ssige \u00dcberpr\u00fcfung unserer Arbeit und unserer Produkte.<\/p>\n<p>Unter\u00a0<a href=\"\/\/steblerag.ch\">www.steblerag.ch<\/a>. pr\u00e4sentieren wir Details unseres Unternehmens. Wir empfehlen uns als Alu Giesserei, als Dienstleister im Bereich Formenbau und Modellbau. Unsere Hauptmotivation in Beratung, Fertigung und Service ist immer die h\u00f6chste Zufriedenheit unserer Kunden! Spezielle Anfragen sind auch telefonisch unter + 41 71477 2966 m\u00f6glich.<\/p>\n<\/div>\n<p>[\/vc_column_text][\/vc_column][\/vc_row]<\/p>\n","protected":false},"excerpt":{"rendered":"<p>[vc_row content_width=&#8220;grid&#8220; css=&#8220;.vc_custom_1642107258814{margin-top: 50px !important;margin-bottom: 50px !important;}&#8220;][vc_column][vc_column_text] Alu Giesserei, Modellbau und Formenbau A. Stebler AG &#8211; Hochwertige Pr\u00e4zisionsprodukte Die Firma A. Stebler AG im schweizerischen Egnach ist Ihr erfahrener Partner in den Bereichen Aluminiumsandguss, Formen- und Modellbau. Pr\u00e4zision und hochwertige Qualit\u00e4t sind ehrgeizige Massst\u00e4be der&#8230;<\/p>\n","protected":false},"author":2,"featured_media":0,"parent":0,"menu_order":0,"comment_status":"closed","ping_status":"closed","template":"full-width.php","meta":[],"yoast_head":"<!-- This site is optimized with the Yoast SEO plugin v17.9 - https:\/\/yoast.com\/wordpress\/plugins\/seo\/ -->\n<title>Alu Giesserei, Modellbau und Formenbau A. Stebler AG - Hochwertige Pr\u00e4zisionsprodukte - Stebler AG<\/title>\n<meta name=\"description\" content=\"Pr\u00e4zision und hochwertige Qualit\u00e4t sind ehrgeizige Massst\u00e4be der Alu Giesserei Stebler\" \/>\n<meta name=\"robots\" content=\"noindex, follow, max-snippet:-1, max-image-preview:large, max-video-preview:-1\" \/>\n<meta property=\"og:locale\" content=\"de_DE\" \/>\n<meta property=\"og:type\" content=\"article\" \/>\n<meta property=\"og:title\" content=\"Alu Giesserei, Modellbau und Formenbau A. Stebler AG - Hochwertige Pr\u00e4zisionsprodukte - Stebler AG\" \/>\n<meta property=\"og:description\" content=\"Pr\u00e4zision und hochwertige Qualit\u00e4t sind ehrgeizige Massst\u00e4be der Alu Giesserei Stebler\" \/>\n<meta property=\"og:url\" content=\"https:\/\/www.vivasnet.ch\/stebler\/index.php\/alu-giesserei\/\" \/>\n<meta property=\"og:site_name\" content=\"Stebler AG\" \/>\n<meta property=\"article:modified_time\" content=\"2022-01-13T21:41:24+00:00\" \/>\n<meta name=\"twitter:card\" content=\"summary_large_image\" \/>\n<meta name=\"twitter:label1\" content=\"Est. reading time\" \/>\n\t<meta name=\"twitter:data1\" content=\"2 Minuten\" \/>\n<script type=\"application\/ld+json\" class=\"yoast-schema-graph\">{\"@context\":\"https:\/\/schema.org\",\"@graph\":[{\"@type\":\"WebSite\",\"@id\":\"https:\/\/www.vivasnet.ch\/stebler\/#website\",\"url\":\"https:\/\/www.vivasnet.ch\/stebler\/\",\"name\":\"Stebler AG\",\"description\":\"Ihre Idee, durch uns umgesetzt\",\"potentialAction\":[{\"@type\":\"SearchAction\",\"target\":{\"@type\":\"EntryPoint\",\"urlTemplate\":\"https:\/\/www.vivasnet.ch\/stebler\/?s={search_term_string}\"},\"query-input\":\"required name=search_term_string\"}],\"inLanguage\":\"de-CH\"},{\"@type\":\"WebPage\",\"@id\":\"https:\/\/www.vivasnet.ch\/stebler\/index.php\/alu-giesserei\/#webpage\",\"url\":\"https:\/\/www.vivasnet.ch\/stebler\/index.php\/alu-giesserei\/\",\"name\":\"Alu Giesserei, Modellbau und Formenbau A. Stebler AG - Hochwertige Pr\\u00e4zisionsprodukte - Stebler AG\",\"isPartOf\":{\"@id\":\"https:\/\/www.vivasnet.ch\/stebler\/#website\"},\"datePublished\":\"2022-01-13T20:58:16+00:00\",\"dateModified\":\"2022-01-13T21:41:24+00:00\",\"description\":\"Pr\\u00e4zision und hochwertige Qualit\\u00e4t sind ehrgeizige Massst\\u00e4be der Alu Giesserei Stebler\",\"breadcrumb\":{\"@id\":\"https:\/\/www.vivasnet.ch\/stebler\/index.php\/alu-giesserei\/#breadcrumb\"},\"inLanguage\":\"de-CH\",\"potentialAction\":[{\"@type\":\"ReadAction\",\"target\":[\"https:\/\/www.vivasnet.ch\/stebler\/index.php\/alu-giesserei\/\"]}]},{\"@type\":\"BreadcrumbList\",\"@id\":\"https:\/\/www.vivasnet.ch\/stebler\/index.php\/alu-giesserei\/#breadcrumb\",\"itemListElement\":[{\"@type\":\"ListItem\",\"position\":1,\"name\":\"Home\",\"item\":\"https:\/\/www.vivasnet.ch\/stebler\/\"},{\"@type\":\"ListItem\",\"position\":2,\"name\":\"Alu Giesserei, Modellbau und Formenbau A. Stebler AG &#8211; Hochwertige Pr\\u00e4zisionsprodukte\"}]}]}<\/script>\n<!-- \/ Yoast SEO plugin. -->","yoast_head_json":{"title":"Alu Giesserei, Modellbau und Formenbau A. Stebler AG - Hochwertige Pr\u00e4zisionsprodukte - Stebler AG","description":"Pr\u00e4zision und hochwertige Qualit\u00e4t sind ehrgeizige Massst\u00e4be der Alu Giesserei Stebler","robots":{"index":"noindex","follow":"follow","max-snippet":"max-snippet:-1","max-image-preview":"max-image-preview:large","max-video-preview":"max-video-preview:-1"},"og_locale":"de_DE","og_type":"article","og_title":"Alu Giesserei, Modellbau und Formenbau A. Stebler AG - Hochwertige Pr\u00e4zisionsprodukte - Stebler AG","og_description":"Pr\u00e4zision und hochwertige Qualit\u00e4t sind ehrgeizige Massst\u00e4be der Alu Giesserei Stebler","og_url":"https:\/\/www.vivasnet.ch\/stebler\/index.php\/alu-giesserei\/","og_site_name":"Stebler AG","article_modified_time":"2022-01-13T21:41:24+00:00","twitter_card":"summary_large_image","twitter_misc":{"Est. reading time":"2 Minuten"},"schema":{"@context":"https:\/\/schema.org","@graph":[{"@type":"WebSite","@id":"https:\/\/www.vivasnet.ch\/stebler\/#website","url":"https:\/\/www.vivasnet.ch\/stebler\/","name":"Stebler AG","description":"Ihre Idee, durch uns umgesetzt","potentialAction":[{"@type":"SearchAction","target":{"@type":"EntryPoint","urlTemplate":"https:\/\/www.vivasnet.ch\/stebler\/?s={search_term_string}"},"query-input":"required name=search_term_string"}],"inLanguage":"de-CH"},{"@type":"WebPage","@id":"https:\/\/www.vivasnet.ch\/stebler\/index.php\/alu-giesserei\/#webpage","url":"https:\/\/www.vivasnet.ch\/stebler\/index.php\/alu-giesserei\/","name":"Alu Giesserei, Modellbau und Formenbau A. Stebler AG - Hochwertige Pr\u00e4zisionsprodukte - Stebler AG","isPartOf":{"@id":"https:\/\/www.vivasnet.ch\/stebler\/#website"},"datePublished":"2022-01-13T20:58:16+00:00","dateModified":"2022-01-13T21:41:24+00:00","description":"Pr\u00e4zision und hochwertige Qualit\u00e4t sind ehrgeizige Massst\u00e4be der Alu Giesserei Stebler","breadcrumb":{"@id":"https:\/\/www.vivasnet.ch\/stebler\/index.php\/alu-giesserei\/#breadcrumb"},"inLanguage":"de-CH","potentialAction":[{"@type":"ReadAction","target":["https:\/\/www.vivasnet.ch\/stebler\/index.php\/alu-giesserei\/"]}]},{"@type":"BreadcrumbList","@id":"https:\/\/www.vivasnet.ch\/stebler\/index.php\/alu-giesserei\/#breadcrumb","itemListElement":[{"@type":"ListItem","position":1,"name":"Home","item":"https:\/\/www.vivasnet.ch\/stebler\/"},{"@type":"ListItem","position":2,"name":"Alu Giesserei, Modellbau und Formenbau A. Stebler AG &#8211; Hochwertige Pr\u00e4zisionsprodukte"}]}]}},"_links":{"self":[{"href":"https:\/\/www.vivasnet.ch\/stebler\/index.php\/wp-json\/wp\/v2\/pages\/1671"}],"collection":[{"href":"https:\/\/www.vivasnet.ch\/stebler\/index.php\/wp-json\/wp\/v2\/pages"}],"about":[{"href":"https:\/\/www.vivasnet.ch\/stebler\/index.php\/wp-json\/wp\/v2\/types\/page"}],"author":[{"embeddable":true,"href":"https:\/\/www.vivasnet.ch\/stebler\/index.php\/wp-json\/wp\/v2\/users\/2"}],"replies":[{"embeddable":true,"href":"https:\/\/www.vivasnet.ch\/stebler\/index.php\/wp-json\/wp\/v2\/comments?post=1671"}],"version-history":[{"count":1,"href":"https:\/\/www.vivasnet.ch\/stebler\/index.php\/wp-json\/wp\/v2\/pages\/1671\/revisions"}],"predecessor-version":[{"id":1672,"href":"https:\/\/www.vivasnet.ch\/stebler\/index.php\/wp-json\/wp\/v2\/pages\/1671\/revisions\/1672"}],"wp:attachment":[{"href":"https:\/\/www.vivasnet.ch\/stebler\/index.php\/wp-json\/wp\/v2\/media?parent=1671"}],"curies":[{"name":"wp","href":"https:\/\/api.w.org\/{rel}","templated":true}]}}