{"id":1659,"date":"2022-01-13T20:54:58","date_gmt":"2022-01-13T20:54:58","guid":{"rendered":"https:\/\/www.vivasnet.ch\/stebler\/?page_id=1659"},"modified":"2022-01-13T21:41:47","modified_gmt":"2022-01-13T21:41:47","slug":"alu-guss","status":"publish","type":"page","link":"https:\/\/www.vivasnet.ch\/stebler\/index.php\/alu-guss\/","title":{"rendered":"Alu-Guss: breite Produktvielfalt in bester Qualit\u00e4t"},"content":{"rendered":"<p>[vc_row content_width=&#8220;grid&#8220; css=&#8220;.vc_custom_1642107258814{margin-top: 50px !important;margin-bottom: 50px !important;}&#8220;][vc_column][vc_column_text]<\/p>\n<div class=\"content-inner-text\">\n<h2>Alu-Guss in modernen Anlagen der A. Stebler AG<\/h2>\n<p>Die Schweizer Firma A. Stebler AG in Egnach ist Ihr erfahrener Ansprechpartner, wenn es um den Alu-Guss geht. Die Giesserei arbeitet mit hoher Pr\u00e4zision und nutzt Qualit\u00e4tsmaterialien, um ihre Kunden mit erstklassigen Produkten beliefern zu k\u00f6nnen. Fortschrittliche Produktionsverfahren zeigen, dass das Unternehmen zukunftsorientiert agiert.<\/p>\n<h3>Alu-Guss und seine Variantenvielfalt<\/h3>\n<p>Im Bereich Alu-Guss fertigt die A. Stebler AG Rohprodukte und veredelte Endprodukte an. Diese nutzen andere Unternehmen f\u00fcr den Einsatz im Maschinen und Fahrzeugbau. Sandformen in Abmessungen zwischen 400 x 400 mm bis 1600 x 1600 mm sind ein weiterer Schwerpunkt der Giesserei in der Sparte Alu-Guss. Die erforderlichen Kernteile werden in zwei fortschrittlich arbeitenden Kernschiessmaschinen angefertigt. Ob gross oder klein, einfach oder kompliziert: Nahezu alle Dienstleistungen rund um den Alu-Guss bietet die A. Stebler AG an. Verschiedenste Arten von Legierungen kommen zum Einsatz, um Einzelteile und mittlere Serien herzustellen. Wie schwer die verschiedenen Teile des Alu-Gusses sein sollen, bemisst sich am Kundenwunsch. 10 Gramm bis hin zu 300 kg sind m\u00f6glich. Um dem Kunden die h\u00f6chstm\u00f6gliche Qualit\u00e4t zu garantieren, setzt der Betrieb aufwendige Verfahren im Bereich der Qualit\u00e4tssicherung ein. Alle Alu-Guss-Teile werden intensiv gepr\u00fcft, damit sie ohne Einschr\u00e4nkung den Kundenspezifikationen entsprechen. F\u00fcr die Masskontrolle beim Alu-Guss verwendet das Unternehmen eine 3D-Mess- und Anreissanlage.<\/p>\n<\/div>\n<p>[\/vc_column_text][\/vc_column][\/vc_row][vc_row css=&#8220;.vc_custom_1642107275075{margin-bottom: 50px !important;background-image: url(https:\/\/www.vivasnet.ch\/stebler\/wp-content\/uploads\/2021\/06\/20190923_093458.jpg?id=999) !important;background-position: center !important;background-repeat: no-repeat !important;background-size: cover !important;}&#8220; el_class=&#8220;cta&#8220;][vc_column]\t<div class=\"qodef-call-to-action with-icon\" >\n\n\t\t\t\t<div class=\"qodef-container-inner\">\n\t\t\t\t\t<div class=\"qodef-call-to-action-row-75-25 clearfix\" style=\"padding: 40 0 40 0;\">\n\t\t\t\t\t\t<div class=\"qodef-text-wrapper qodef-call-to-action-column1 qodef-call-to-action-cell\">\n\t\t\t\t\t\t\t\t\t<div class=\"qodef-call-to-action-icon-holder\">\n\t\t\t\t\t\t<div class=\"qodef-call-to-action-icon\">\n\t\t\t\t\t\t\t<div class=\"qodef-call-to-action-icon-inner\"><\/div>\n\t\t\t\t\t\t<\/div>\n\t\t\t\t\t<\/div>\n\t\t\t\t\t\t\t\t\t<div class=\"qodef-call-to-action-text\" style=\"font-size: 40px\">Haben wir Ihr Interesse geweckt?<\/div>\n\t\t\t\t<\/div>\n\n\t\t\t\t\t\t\t\t\t<div class=\"qodef-button-wrapper qodef-call-to-action-column2 qodef-call-to-action-cell\" style =\"text-align: right ;\">\n\t\t\t\t\t\t<a href=\"index.php\/kontakt\/\" target=\"_self\"  class=\"qodef-btn qodef-btn-medium qodef-btn-solid\"  >    <span class=\"qodef-btn-text\">Jetzt kontaktieren<\/span>    <i class=\"qodef-icon-font-awesome fa  \" ><\/i><\/a>\t\t\t\t\t<\/div>\n\t\t\t\t\t\t\t<\/div>\n\t\t\t\t<\/div>\n\t\t\t<\/div>\n[\/vc_column][\/vc_row][vc_row content_width=&#8220;grid&#8220; css=&#8220;.vc_custom_1636665506516{margin-bottom: 100px !important;}&#8220;][vc_column][vc_column_text]<\/p>\n<div class=\"content-inner-text\">\n<h3>Alu-Guss und seine Variantenvielfalt<\/h3>\n<p>Im Bereich Alu-Guss fertigt die A. Stebler AG Rohprodukte und veredelte Endprodukte an. Diese nutzen andere Unternehmen f\u00fcr den Einsatz im Maschinen und Fahrzeugbau. Sandformen in Abmessungen zwischen 400 x 400 mm bis 1600 x 1600 mm sind ein weiterer Schwerpunkt der Giesserei in der Sparte Alu-Guss. Die erforderlichen Kernteile werden in zwei fortschrittlich arbeitenden Kernschiessmaschinen angefertigt. Ob gross oder klein, einfach oder kompliziert: Nahezu alle Dienstleistungen rund um den Alu-Guss bietet die A. Stebler AG an. Verschiedenste Arten von Legierungen kommen zum Einsatz, um Einzelteile und mittlere Serien herzustellen. Wie schwer die verschiedenen Teile des Alu-Gusses sein sollen, bemisst sich am Kundenwunsch. 10 Gramm bis hin zu 300 kg sind m\u00f6glich. Um dem Kunden die h\u00f6chstm\u00f6gliche Qualit\u00e4t zu garantieren, setzt der Betrieb aufwendige Verfahren im Bereich der Qualit\u00e4tssicherung ein. Alle Alu-Guss-Teile werden intensiv gepr\u00fcft, damit sie ohne Einschr\u00e4nkung den Kundenspezifikationen entsprechen. F\u00fcr die Masskontrolle beim Alu-Guss verwendet das Unternehmen eine 3D-Mess- und Anreissanlage.<\/p>\n<h3>Alu-Guss von eindrucksvoller Pr\u00e4zision<\/h3>\n<p>Fast alle herk\u00f6mmlichen Aluminium-Sandguss-Legierungen verarbeitet die A. Stebler AG im Bereich Alu-Guss. Dazu geh\u00f6ren beispielsweise die Legierungselemente Magnesium, Kupfer und Silizium. Selbst \u00e4usserst komplexe Konstruktionen stellt die Alu-Guss-Produktion mit beeindruckender Pr\u00e4zision und streng nach den W\u00fcnschen des Kunden her. Ob Modellbau, Aluminiumsandguss oder Formenbau: Alles aus der Sparte Alu-Guss des Qualit\u00e4tsunternehmens zeichnet sich durch Massgenauigkeit, Detailst\u00e4rke und eine hervorragende Oberfl\u00e4chenqualit\u00e4t aus. Neben Aluminiumprodukten aus der Giesserei bietet der Betrieb auch eine Verarbeitung von Kunststoff und Werkzeugstahl an.<\/p>\n<\/div>\n<div class=\"left\">\n<div class=\"left-inner\">\n<h3>F\u00fcr den Alu-Guss nur moderne Maschinen<\/h3>\n<p>Zwei Kernschiessmaschinen verwendet das Unternehmen in seiner Kernmacherei f\u00fcr den Alu-Guss. Zwei Wendeformmaschinen und eine Abhebeformmaschine sind vorhanden. Sehr aussergew\u00f6hnliche Produkte k\u00f6nnen am Handformplatz gefertigt werden. F\u00fcr herausragende Ergebnisse setzt die Giesserei auf computergest\u00fctzte Designfertigung und Formgebung. Die Schmelz\u00f6fen und Formanlagen entsprechen ebenso modernen Standards wie die umfangreich ausgestattete Putzerei-Ausstattung, die Sandstrahlanlage sowie die Trenn- und Schleifmaschinen. Reibungslose Giessprozesse beim Alu-Guss lassen sich so realisieren.<\/p>\n<h3>Alu-Guss von einem Traditionsbetrieb<\/h3>\n<p>Alu-Guss ist ein Produktionsbereich der Giesserei Stebler von langer Tradition. Doch dies bedeutet nicht, dass das Unternehmen in veralteten Prozessen erstarrt. Gerade aufgrund der langj\u00e4hrigen Erfahrung setzt es moderne Anlagen und fortschrittliche Verfahren ein, um den Kunden Waren von hoher Qualit\u00e4t anbieten zu k\u00f6nnen. Unter Verwendung von der aktuellen CAD-Technik stellt der Betrieb Modelle und Formen aus verschiedensten Materialien her. Ob herk\u00f6mmlicher Modellbau oder 5-Achs-Simultanbearbeitung: In der Produktionsabteilung f\u00fcr Alu-Guss offeriert die A. Stebler AG diverse Produktionsverfahren im Zusammenspiel mit dem eigenen Bereich Formenbau und Modellbau. Bei Bedarf wird Handarbeit eingesetzt, um die gew\u00fcnschten Formen ganz nach Kundenwunsch umzusetzen. Wie darf Ihnen der Schweizer Traditionsbetrieb helfen?<\/p>\n<\/div>\n<\/div>\n<p>[\/vc_column_text][\/vc_column][\/vc_row]<\/p>\n","protected":false},"excerpt":{"rendered":"<p>[vc_row content_width=&#8220;grid&#8220; css=&#8220;.vc_custom_1642107258814{margin-top: 50px !important;margin-bottom: 50px !important;}&#8220;][vc_column][vc_column_text] Alu-Guss in modernen Anlagen der A. Stebler AG Die Schweizer Firma A. Stebler AG in Egnach ist Ihr erfahrener Ansprechpartner, wenn es um den Alu-Guss geht. Die Giesserei arbeitet mit hoher Pr\u00e4zision und nutzt Qualit\u00e4tsmaterialien, um ihre Kunden&#8230;<\/p>\n","protected":false},"author":2,"featured_media":1052,"parent":0,"menu_order":0,"comment_status":"closed","ping_status":"closed","template":"full-width.php","meta":[],"yoast_head":"<!-- This site is optimized with the Yoast SEO plugin v17.9 - https:\/\/yoast.com\/wordpress\/plugins\/seo\/ -->\n<title>Alu-Guss: breite Produktvielfalt in bester Qualit\u00e4t - Stebler AG<\/title>\n<meta name=\"description\" content=\"Die Schweizer Firma A. Stebler AG in Egnach ist Ihr erfahrener Ansprechpartner, wenn es um den Alu-Guss geht\" \/>\n<meta name=\"robots\" content=\"noindex, follow, max-snippet:-1, max-image-preview:large, max-video-preview:-1\" \/>\n<meta property=\"og:locale\" content=\"de_DE\" \/>\n<meta property=\"og:type\" content=\"article\" \/>\n<meta property=\"og:title\" content=\"Alu-Guss: breite Produktvielfalt in bester Qualit\u00e4t - Stebler AG\" \/>\n<meta property=\"og:description\" content=\"Die Schweizer Firma A. Stebler AG in Egnach ist Ihr erfahrener Ansprechpartner, wenn es um den Alu-Guss geht\" \/>\n<meta property=\"og:url\" content=\"https:\/\/www.vivasnet.ch\/stebler\/index.php\/alu-guss\/\" \/>\n<meta property=\"og:site_name\" content=\"Stebler AG\" \/>\n<meta property=\"article:modified_time\" content=\"2022-01-13T21:41:47+00:00\" \/>\n<meta property=\"og:image\" content=\"https:\/\/www.vivasnet.ch\/stebler\/wp-content\/uploads\/2021\/06\/BS9B4504-scaled.jpg\" \/>\n\t<meta property=\"og:image:width\" content=\"2560\" \/>\n\t<meta property=\"og:image:height\" content=\"1707\" \/>\n\t<meta property=\"og:image:type\" content=\"image\/jpeg\" \/>\n<meta name=\"twitter:card\" content=\"summary_large_image\" \/>\n<meta name=\"twitter:label1\" content=\"Est. reading time\" \/>\n\t<meta name=\"twitter:data1\" content=\"4 Minuten\" \/>\n<script type=\"application\/ld+json\" class=\"yoast-schema-graph\">{\"@context\":\"https:\/\/schema.org\",\"@graph\":[{\"@type\":\"WebSite\",\"@id\":\"https:\/\/www.vivasnet.ch\/stebler\/#website\",\"url\":\"https:\/\/www.vivasnet.ch\/stebler\/\",\"name\":\"Stebler AG\",\"description\":\"Ihre Idee, durch uns umgesetzt\",\"potentialAction\":[{\"@type\":\"SearchAction\",\"target\":{\"@type\":\"EntryPoint\",\"urlTemplate\":\"https:\/\/www.vivasnet.ch\/stebler\/?s={search_term_string}\"},\"query-input\":\"required name=search_term_string\"}],\"inLanguage\":\"de-CH\"},{\"@type\":\"ImageObject\",\"@id\":\"https:\/\/www.vivasnet.ch\/stebler\/index.php\/alu-guss\/#primaryimage\",\"inLanguage\":\"de-CH\",\"url\":\"https:\/\/www.vivasnet.ch\/stebler\/wp-content\/uploads\/2021\/06\/BS9B4504-scaled.jpg\",\"contentUrl\":\"https:\/\/www.vivasnet.ch\/stebler\/wp-content\/uploads\/2021\/06\/BS9B4504-scaled.jpg\",\"width\":2560,\"height\":1707},{\"@type\":\"WebPage\",\"@id\":\"https:\/\/www.vivasnet.ch\/stebler\/index.php\/alu-guss\/#webpage\",\"url\":\"https:\/\/www.vivasnet.ch\/stebler\/index.php\/alu-guss\/\",\"name\":\"Alu-Guss: breite Produktvielfalt in bester Qualit\\u00e4t - Stebler AG\",\"isPartOf\":{\"@id\":\"https:\/\/www.vivasnet.ch\/stebler\/#website\"},\"primaryImageOfPage\":{\"@id\":\"https:\/\/www.vivasnet.ch\/stebler\/index.php\/alu-guss\/#primaryimage\"},\"datePublished\":\"2022-01-13T20:54:58+00:00\",\"dateModified\":\"2022-01-13T21:41:47+00:00\",\"description\":\"Die Schweizer Firma A. Stebler AG in Egnach ist Ihr erfahrener Ansprechpartner, wenn es um den Alu-Guss geht\",\"breadcrumb\":{\"@id\":\"https:\/\/www.vivasnet.ch\/stebler\/index.php\/alu-guss\/#breadcrumb\"},\"inLanguage\":\"de-CH\",\"potentialAction\":[{\"@type\":\"ReadAction\",\"target\":[\"https:\/\/www.vivasnet.ch\/stebler\/index.php\/alu-guss\/\"]}]},{\"@type\":\"BreadcrumbList\",\"@id\":\"https:\/\/www.vivasnet.ch\/stebler\/index.php\/alu-guss\/#breadcrumb\",\"itemListElement\":[{\"@type\":\"ListItem\",\"position\":1,\"name\":\"Home\",\"item\":\"https:\/\/www.vivasnet.ch\/stebler\/\"},{\"@type\":\"ListItem\",\"position\":2,\"name\":\"Alu-Guss: breite Produktvielfalt in bester Qualit\\u00e4t\"}]}]}<\/script>\n<!-- \/ Yoast SEO plugin. -->","yoast_head_json":{"title":"Alu-Guss: breite Produktvielfalt in bester Qualit\u00e4t - Stebler AG","description":"Die Schweizer Firma A. Stebler AG in Egnach ist Ihr erfahrener Ansprechpartner, wenn es um den Alu-Guss geht","robots":{"index":"noindex","follow":"follow","max-snippet":"max-snippet:-1","max-image-preview":"max-image-preview:large","max-video-preview":"max-video-preview:-1"},"og_locale":"de_DE","og_type":"article","og_title":"Alu-Guss: breite Produktvielfalt in bester Qualit\u00e4t - Stebler AG","og_description":"Die Schweizer Firma A. Stebler AG in Egnach ist Ihr erfahrener Ansprechpartner, wenn es um den Alu-Guss geht","og_url":"https:\/\/www.vivasnet.ch\/stebler\/index.php\/alu-guss\/","og_site_name":"Stebler AG","article_modified_time":"2022-01-13T21:41:47+00:00","og_image":[{"width":2560,"height":1707,"url":"https:\/\/www.vivasnet.ch\/stebler\/wp-content\/uploads\/2021\/06\/BS9B4504-scaled.jpg","type":"image\/jpeg"}],"twitter_card":"summary_large_image","twitter_misc":{"Est. reading time":"4 Minuten"},"schema":{"@context":"https:\/\/schema.org","@graph":[{"@type":"WebSite","@id":"https:\/\/www.vivasnet.ch\/stebler\/#website","url":"https:\/\/www.vivasnet.ch\/stebler\/","name":"Stebler AG","description":"Ihre Idee, durch uns umgesetzt","potentialAction":[{"@type":"SearchAction","target":{"@type":"EntryPoint","urlTemplate":"https:\/\/www.vivasnet.ch\/stebler\/?s={search_term_string}"},"query-input":"required name=search_term_string"}],"inLanguage":"de-CH"},{"@type":"ImageObject","@id":"https:\/\/www.vivasnet.ch\/stebler\/index.php\/alu-guss\/#primaryimage","inLanguage":"de-CH","url":"https:\/\/www.vivasnet.ch\/stebler\/wp-content\/uploads\/2021\/06\/BS9B4504-scaled.jpg","contentUrl":"https:\/\/www.vivasnet.ch\/stebler\/wp-content\/uploads\/2021\/06\/BS9B4504-scaled.jpg","width":2560,"height":1707},{"@type":"WebPage","@id":"https:\/\/www.vivasnet.ch\/stebler\/index.php\/alu-guss\/#webpage","url":"https:\/\/www.vivasnet.ch\/stebler\/index.php\/alu-guss\/","name":"Alu-Guss: breite Produktvielfalt in bester Qualit\u00e4t - Stebler AG","isPartOf":{"@id":"https:\/\/www.vivasnet.ch\/stebler\/#website"},"primaryImageOfPage":{"@id":"https:\/\/www.vivasnet.ch\/stebler\/index.php\/alu-guss\/#primaryimage"},"datePublished":"2022-01-13T20:54:58+00:00","dateModified":"2022-01-13T21:41:47+00:00","description":"Die Schweizer Firma A. Stebler AG in Egnach ist Ihr erfahrener Ansprechpartner, wenn es um den Alu-Guss geht","breadcrumb":{"@id":"https:\/\/www.vivasnet.ch\/stebler\/index.php\/alu-guss\/#breadcrumb"},"inLanguage":"de-CH","potentialAction":[{"@type":"ReadAction","target":["https:\/\/www.vivasnet.ch\/stebler\/index.php\/alu-guss\/"]}]},{"@type":"BreadcrumbList","@id":"https:\/\/www.vivasnet.ch\/stebler\/index.php\/alu-guss\/#breadcrumb","itemListElement":[{"@type":"ListItem","position":1,"name":"Home","item":"https:\/\/www.vivasnet.ch\/stebler\/"},{"@type":"ListItem","position":2,"name":"Alu-Guss: breite Produktvielfalt in bester Qualit\u00e4t"}]}]}},"_links":{"self":[{"href":"https:\/\/www.vivasnet.ch\/stebler\/index.php\/wp-json\/wp\/v2\/pages\/1659"}],"collection":[{"href":"https:\/\/www.vivasnet.ch\/stebler\/index.php\/wp-json\/wp\/v2\/pages"}],"about":[{"href":"https:\/\/www.vivasnet.ch\/stebler\/index.php\/wp-json\/wp\/v2\/types\/page"}],"author":[{"embeddable":true,"href":"https:\/\/www.vivasnet.ch\/stebler\/index.php\/wp-json\/wp\/v2\/users\/2"}],"replies":[{"embeddable":true,"href":"https:\/\/www.vivasnet.ch\/stebler\/index.php\/wp-json\/wp\/v2\/comments?post=1659"}],"version-history":[{"count":12,"href":"https:\/\/www.vivasnet.ch\/stebler\/index.php\/wp-json\/wp\/v2\/pages\/1659\/revisions"}],"predecessor-version":[{"id":1675,"href":"https:\/\/www.vivasnet.ch\/stebler\/index.php\/wp-json\/wp\/v2\/pages\/1659\/revisions\/1675"}],"wp:featuredmedia":[{"embeddable":true,"href":"https:\/\/www.vivasnet.ch\/stebler\/index.php\/wp-json\/wp\/v2\/media\/1052"}],"wp:attachment":[{"href":"https:\/\/www.vivasnet.ch\/stebler\/index.php\/wp-json\/wp\/v2\/media?parent=1659"}],"curies":[{"name":"wp","href":"https:\/\/api.w.org\/{rel}","templated":true}]}}